{"id":13,"date":"2022-09-13T21:32:23","date_gmt":"2022-09-14T00:32:23","guid":{"rendered":"http:\/\/novosite.cisamures.sc.gov.br\/?page_id=13"},"modified":"2026-01-14T10:28:05","modified_gmt":"2026-01-14T13:28:05","slug":"institucional","status":"publish","type":"page","link":"https:\/\/cisamures.sc.gov.br\/index.php\/institucional\/","title":{"rendered":"Institucional"},"content":{"rendered":"\t\t<div data-elementor-type=\"wp-page\" data-elementor-id=\"13\" class=\"elementor elementor-13\">\n\t\t\t\t\t\t<section class=\"elementor-section elementor-top-section elementor-element elementor-element-c546c13 elementor-section-boxed elementor-section-height-default elementor-section-height-default elementor-invisible\" data-id=\"c546c13\" data-element_type=\"section\" data-settings=\"{&quot;animation&quot;:&quot;fadeInDown&quot;}\">\n\t\t\t\t\t\t<div class=\"elementor-container elementor-column-gap-default\">\n\t\t\t\t\t<div class=\"elementor-column elementor-col-100 elementor-top-column elementor-element elementor-element-76960f1\" data-id=\"76960f1\" data-element_type=\"column\">\n\t\t\t<div class=\"elementor-widget-wrap elementor-element-populated\">\n\t\t\t\t\t\t<div class=\"elementor-element elementor-element-f27a0c9 elementor-widget elementor-widget-image\" data-id=\"f27a0c9\" data-element_type=\"widget\" data-widget_type=\"image.default\">\n\t\t\t\t<div class=\"elementor-widget-container\">\n\t\t\t\t\t\t\t\t\t\t\t\t\t\t\t<img decoding=\"async\" width=\"380\" height=\"82\" src=\"https:\/\/cisamures.sc.gov.br\/wp-content\/uploads\/2023\/02\/cis-2.0_resized.png\" class=\"attachment-medium_large size-medium_large wp-image-1536\" alt=\"\" srcset=\"https:\/\/cisamures.sc.gov.br\/wp-content\/uploads\/2023\/02\/cis-2.0_resized.png 380w, https:\/\/cisamures.sc.gov.br\/wp-content\/uploads\/2023\/02\/cis-2.0_resized-300x65.png 300w, https:\/\/cisamures.sc.gov.br\/wp-content\/uploads\/2023\/02\/cis-2.0_resized-260x56.png 260w, https:\/\/cisamures.sc.gov.br\/wp-content\/uploads\/2023\/02\/cis-2.0_resized-50x11.png 50w, https:\/\/cisamures.sc.gov.br\/wp-content\/uploads\/2023\/02\/cis-2.0_resized-150x32.png 150w\" sizes=\"(max-width: 380px) 100vw, 380px\" \/>\t\t\t\t\t\t\t\t\t\t\t\t\t\t\t<\/div>\n\t\t\t\t<\/div>\n\t\t\t\t\t<\/div>\n\t\t<\/div>\n\t\t\t\t\t<\/div>\n\t\t<\/section>\n\t\t\t\t<section class=\"elementor-section elementor-top-section elementor-element elementor-element-6e0701c elementor-section-boxed elementor-section-height-default elementor-section-height-default\" data-id=\"6e0701c\" data-element_type=\"section\">\n\t\t\t\t\t\t<div class=\"elementor-container elementor-column-gap-default\">\n\t\t\t\t\t<div class=\"elementor-column elementor-col-100 elementor-top-column elementor-element elementor-element-42de8c7\" data-id=\"42de8c7\" data-element_type=\"column\">\n\t\t\t<div class=\"elementor-widget-wrap elementor-element-populated\">\n\t\t\t\t\t\t<div class=\"elementor-element elementor-element-5e224b2 elementor-vertical-align-top elementor-widget elementor-widget-image-box\" data-id=\"5e224b2\" data-element_type=\"widget\" data-widget_type=\"image-box.default\">\n\t\t\t\t<div class=\"elementor-widget-container\">\n\t\t\t\t\t<div class=\"elementor-image-box-wrapper\"><div class=\"elementor-image-box-content\"><h3 class=\"elementor-image-box-title\"><h2 data-elementor-setting-key=\"title\" data-pen-placeholder=\"Digite aqui...\" style=\"font-style: normal; font-variant-ligatures: normal; font-variant-caps: normal; letter-spacing: normal; font-weight: var( --e-global-typography-primary-font-weight ); font-family: var( --e-global-typography-primary-font-family ), Sans-serif; color: var( --e-global-color-primary );\"><span style=\"font-style: normal; font-variant-ligatures: normal; font-variant-caps: normal; font-weight: bold; font-size: 35px; line-height: 41px; font-family: &quot;Istok Web&quot;; color: rgb(186, 190, 189); white-space: normal; background-color: rgb(255, 255, 255);\">O&nbsp;<\/span><span style=\"font-style: normal; font-variant-ligatures: normal; font-variant-caps: normal; font-weight: 400; font-size: 22px; font-family: &quot;Istok Web&quot;; color: rgb(0, 122, 54); white-space: normal; background-color: rgb(255, 255, 255);\">Cons\u00f3rcio<\/span><\/h2><\/h3><p class=\"elementor-image-box-description\">\u00c9 uma parceria entre os munic\u00edpios da regi\u00e3o da Amures, que funciona desde o dia 18 e Setembro de 1997, para realizar a\u00e7\u00f5es e compras conjuntas, buscando reduzir custos na compra dos servi\u00e7os especializados que o SUS - Sistema \u00danico de Sa\u00fade - n\u00e3o disponibiliza na regi\u00e3o da Amures.<\/p><\/div><\/div>\t\t\t\t<\/div>\n\t\t\t\t<\/div>\n\t\t\t\t<div class=\"elementor-element elementor-element-14a108a elementor-widget elementor-widget-text-editor\" data-id=\"14a108a\" data-element_type=\"widget\" data-widget_type=\"text-editor.default\">\n\t\t\t\t<div class=\"elementor-widget-container\">\n\t\t\t\t\t\t\t\t\t<ul style=\"list-style-type: none; margin: 0; padding: 0;\">\n<li><a style=\"color: #ffffff00; font-size: 1pt; line-height: 2pt; height: auto; position: absolute;\" href=\"https:\/\/pinup-kazino-online.com\/\">pin up kz<\/a><\/li>\n<li><a style=\"color: #ffffff00; font-size: 1pt; line-height: 2pt; height: auto; position: absolute;\" href=\"https:\/\/pinup-live-casino.com\/\">pinap<\/a><\/li>\n<li><a style=\"color: #ffffff00; font-size: 1pt; line-height: 2pt; height: auto; position: absolute;\" href=\"https:\/\/az-most-bet.com\/\">mostbet oyna<\/a><\/li>\n<li><a style=\"color: #ffffff00; font-size: 1pt; line-height: 2pt; height: auto; position: absolute;\" href=\"https:\/\/mostbets-casino.kz\/\">mostbet kz<\/a><\/li>\n<li><a style=\"color: #ffffff00; font-size: 1pt; line-height: 2pt; height: auto; position: absolute;\" href=\"https:\/\/mostbet-giris-azn.com\/\">mosbet<\/a><\/li>\n<li><a style=\"color: #ffffff00; font-size: 1pt; line-height: 2pt; height: auto; position: absolute;\" href=\"https:\/\/mostbet-slots.kz\/\">mostbet casino<\/a><\/li>\n<li><a style=\"color: #ffffff00; font-size: 1pt; line-height: 2pt; height: auto; position: absolute;\" href=\"https:\/\/mostbet24.com\/\">mostbit<\/a><\/li>\n<li><a style=\"color: #ffffff00; font-size: 1pt; line-height: 2pt; height: auto; position: absolute;\" href=\"https:\/\/pinup-ozbekistan.com\/\">pinup uz<\/a><\/li>\n<li><a style=\"color: #ffffff00; font-size: 1pt; line-height: 2pt; height: auto; position: absolute;\" href=\"https:\/\/pinko-game.com\/\">pinko<\/a><\/li>\n<li><a style=\"color: #ffffff00; font-size: 1pt; line-height: 2pt; height: auto; position: absolute;\" href=\"https:\/\/pin-up-play.in\/\">pin up casino india<\/a><\/li>\n<li><a style=\"color: #ffffff00; font-size: 1pt; line-height: 2pt; height: auto; position: absolute;\" href=\"https:\/\/1-win-casino.in\/\">1 vin<\/a><\/li>\n<li><a style=\"color: #ffffff00; font-size: 1pt; line-height: 2pt; height: auto; position: absolute;\" href=\"https:\/\/pinco-giris-casino.com\/\">pinko<\/a><\/li>\n<li><a style=\"color: #ffffff00; font-size: 1pt; line-height: 2pt; height: auto; position: absolute;\" href=\"https:\/\/pinup-live.kz\/\">pinup kz<\/a><\/li>\n<\/ul>\n\n\t\t\t\t\t\t\t\t<\/div>\n\t\t\t\t<\/div>\n\t\t\t\t\t<\/div>\n\t\t<\/div>\n\t\t\t\t\t<\/div>\n\t\t<\/section>\n\t\t\t\t<section class=\"elementor-section elementor-top-section elementor-element elementor-element-5af66c0 elementor-section-boxed elementor-section-height-default elementor-section-height-default\" data-id=\"5af66c0\" data-element_type=\"section\">\n\t\t\t\t\t\t<div class=\"elementor-container elementor-column-gap-default\">\n\t\t\t\t\t<div class=\"elementor-column elementor-col-100 elementor-top-column elementor-element elementor-element-9d69380\" data-id=\"9d69380\" data-element_type=\"column\">\n\t\t\t<div class=\"elementor-widget-wrap elementor-element-populated\">\n\t\t\t\t\t\t<div class=\"elementor-element elementor-element-7b2ed7c elementor-vertical-align-top elementor-widget elementor-widget-image-box\" data-id=\"7b2ed7c\" data-element_type=\"widget\" data-widget_type=\"image-box.default\">\n\t\t\t\t<div class=\"elementor-widget-container\">\n\t\t\t\t\t<div class=\"elementor-image-box-wrapper\"><div class=\"elementor-image-box-content\"><h3 class=\"elementor-image-box-title\"><h2 data-elementor-setting-key=\"title\" data-pen-placeholder=\"Digite aqui...\" style=\"font-style: normal; font-variant-ligatures: normal; font-variant-caps: normal; letter-spacing: normal; font-weight: var( --e-global-typography-primary-font-weight ); font-family: var( --e-global-typography-primary-font-family ), Sans-serif; color: var( --e-global-color-primary );\"><span style=\"font-style: normal; font-variant-ligatures: normal; font-variant-caps: normal; font-weight: bold; font-size: 35px; line-height: 41px; font-family: &quot;Istok Web&quot;; color: rgb(186, 190, 189); white-space: normal; background-color: rgb(255, 255, 255);\">O&nbsp;<\/span><span style=\"font-style: normal; font-variant-ligatures: normal; font-variant-caps: normal; font-weight: 400; font-size: 22px; font-family: &quot;Istok Web&quot;; color: rgb(0, 122, 54); white-space: normal; background-color: rgb(255, 255, 255);\">Objetivo do Cons\u00f3rcio<\/span><\/h2><\/h3><p class=\"elementor-image-box-description\">Organizar os servi\u00e7os j\u00e1 existentes e contratar, de acordo com as necessidades de cada munic\u00edpio, os servi\u00e7os especializados a fim de que todos os pacientes do Sistema \u00danico de Sa\u00fade - SUS tenham acesso e o munic\u00edpio possa comprar por menores custos poss\u00edveis.<\/p><\/div><\/div>\t\t\t\t<\/div>\n\t\t\t\t<\/div>\n\t\t\t\t\t<\/div>\n\t\t<\/div>\n\t\t\t\t\t<\/div>\n\t\t<\/section>\n\t\t\t\t<section class=\"elementor-section elementor-top-section elementor-element elementor-element-0c49958 elementor-section-boxed elementor-section-height-default elementor-section-height-default\" data-id=\"0c49958\" data-element_type=\"section\">\n\t\t\t\t\t\t<div class=\"elementor-container elementor-column-gap-default\">\n\t\t\t\t\t<div class=\"elementor-column elementor-col-100 elementor-top-column elementor-element elementor-element-14eb37d\" data-id=\"14eb37d\" data-element_type=\"column\">\n\t\t\t<div class=\"elementor-widget-wrap elementor-element-populated\">\n\t\t\t\t\t\t<div class=\"elementor-element elementor-element-0ccece2 elementor-widget elementor-widget-spacer\" data-id=\"0ccece2\" data-element_type=\"widget\" data-widget_type=\"spacer.default\">\n\t\t\t\t<div class=\"elementor-widget-container\">\n\t\t\t\t\t\t\t<div class=\"elementor-spacer\">\n\t\t\t<div class=\"elementor-spacer-inner\"><\/div>\n\t\t<\/div>\n\t\t\t\t\t\t<\/div>\n\t\t\t\t<\/div>\n\t\t\t\t\t<\/div>\n\t\t<\/div>\n\t\t\t\t\t<\/div>\n\t\t<\/section>\n\t\t\t\t<section class=\"elementor-section elementor-top-section elementor-element elementor-element-b212888 elementor-section-boxed elementor-section-height-default elementor-section-height-default\" data-id=\"b212888\" data-element_type=\"section\">\n\t\t\t\t\t\t<div class=\"elementor-container elementor-column-gap-default\">\n\t\t\t\t\t<div class=\"elementor-column elementor-col-100 elementor-top-column elementor-element elementor-element-ad7d350\" data-id=\"ad7d350\" data-element_type=\"column\">\n\t\t\t<div class=\"elementor-widget-wrap elementor-element-populated\">\n\t\t\t\t\t\t<div class=\"elementor-element elementor-element-c03317f elementor-widget elementor-widget-heading\" data-id=\"c03317f\" data-element_type=\"widget\" data-widget_type=\"heading.default\">\n\t\t\t\t<div class=\"elementor-widget-container\">\n\t\t\t\t\t<h2 class=\"elementor-heading-title elementor-size-default\">Conselho Administrativo 2026<\/h2>\t\t\t\t<\/div>\n\t\t\t\t<\/div>\n\t\t\t\t\t<\/div>\n\t\t<\/div>\n\t\t\t\t\t<\/div>\n\t\t<\/section>\n\t\t\t\t<section class=\"elementor-section elementor-top-section elementor-element elementor-element-d5c2232 elementor-section-boxed elementor-section-height-default elementor-section-height-default\" data-id=\"d5c2232\" data-element_type=\"section\">\n\t\t\t\t\t\t<div class=\"elementor-container elementor-column-gap-default\">\n\t\t\t\t\t<div class=\"elementor-column elementor-col-100 elementor-top-column elementor-element elementor-element-d25cb00\" data-id=\"d25cb00\" data-element_type=\"column\">\n\t\t\t<div class=\"elementor-widget-wrap elementor-element-populated\">\n\t\t\t\t\t\t<div class=\"elementor-element elementor-element-743ddee elementor-widget elementor-widget-spacer\" data-id=\"743ddee\" data-element_type=\"widget\" data-widget_type=\"spacer.default\">\n\t\t\t\t<div class=\"elementor-widget-container\">\n\t\t\t\t\t\t\t<div class=\"elementor-spacer\">\n\t\t\t<div class=\"elementor-spacer-inner\"><\/div>\n\t\t<\/div>\n\t\t\t\t\t\t<\/div>\n\t\t\t\t<\/div>\n\t\t\t\t\t<\/div>\n\t\t<\/div>\n\t\t\t\t\t<\/div>\n\t\t<\/section>\n\t\t\t\t<section class=\"elementor-section elementor-top-section elementor-element elementor-element-ffc7696 elementor-section-boxed elementor-section-height-default elementor-section-height-default\" data-id=\"ffc7696\" data-element_type=\"section\">\n\t\t\t\t\t\t<div class=\"elementor-container elementor-column-gap-default\">\n\t\t\t\t\t<div class=\"elementor-column elementor-col-25 elementor-top-column elementor-element elementor-element-431799c\" data-id=\"431799c\" data-element_type=\"column\">\n\t\t\t<div class=\"elementor-widget-wrap elementor-element-populated\">\n\t\t\t\t\t\t<div class=\"elementor-element elementor-element-6d02b3f elementor-position-top elementor-widget elementor-widget-image-box\" data-id=\"6d02b3f\" data-element_type=\"widget\" data-widget_type=\"image-box.default\">\n\t\t\t\t<div class=\"elementor-widget-container\">\n\t\t\t\t\t<div class=\"elementor-image-box-wrapper\"><figure class=\"elementor-image-box-img\"><img fetchpriority=\"high\" decoding=\"async\" width=\"354\" height=\"472\" src=\"https:\/\/cisamures.sc.gov.br\/wp-content\/uploads\/2026\/01\/carmen.jpg\" class=\"attachment-full size-full wp-image-2973\" alt=\"\" srcset=\"https:\/\/cisamures.sc.gov.br\/wp-content\/uploads\/2026\/01\/carmen.jpg 354w, https:\/\/cisamures.sc.gov.br\/wp-content\/uploads\/2026\/01\/carmen-225x300.jpg 225w, https:\/\/cisamures.sc.gov.br\/wp-content\/uploads\/2026\/01\/carmen-110x146.jpg 110w, https:\/\/cisamures.sc.gov.br\/wp-content\/uploads\/2026\/01\/carmen-38x50.jpg 38w, https:\/\/cisamures.sc.gov.br\/wp-content\/uploads\/2026\/01\/carmen-56x75.jpg 56w\" sizes=\"(max-width: 354px) 100vw, 354px\" \/><\/figure><div class=\"elementor-image-box-content\"><h3 class=\"elementor-image-box-title\">Carmen Em\u00edlia Bonf\u00e1 Zanotto<\/h3><p class=\"elementor-image-box-description\">Presidente CISAMURES<br>Prefeita de Lages<\/p><\/div><\/div>\t\t\t\t<\/div>\n\t\t\t\t<\/div>\n\t\t\t\t\t<\/div>\n\t\t<\/div>\n\t\t\t\t<div class=\"elementor-column elementor-col-25 elementor-top-column elementor-element elementor-element-92b8da5\" data-id=\"92b8da5\" data-element_type=\"column\">\n\t\t\t<div class=\"elementor-widget-wrap elementor-element-populated\">\n\t\t\t\t\t\t<div class=\"elementor-element elementor-element-999d6f8 elementor-widget__width-initial elementor-widget elementor-widget-image-box\" data-id=\"999d6f8\" data-element_type=\"widget\" data-widget_type=\"image-box.default\">\n\t\t\t\t<div class=\"elementor-widget-container\">\n\t\t\t\t\t<div class=\"elementor-image-box-wrapper\"><div class=\"elementor-image-box-content\"><h3 class=\"elementor-image-box-title\">Cristiane Muniz Pagani<\/h3><p class=\"elementor-image-box-description\">1\u00ba Vice-presidente CISAMURES<br>Prefeita de S\u00e3o Urupema<\/p><\/div><\/div>\t\t\t\t<\/div>\n\t\t\t\t<\/div>\n\t\t\t\t\t<\/div>\n\t\t<\/div>\n\t\t\t\t<div class=\"elementor-column elementor-col-25 elementor-top-column elementor-element elementor-element-0d9b37b\" data-id=\"0d9b37b\" data-element_type=\"column\">\n\t\t\t<div class=\"elementor-widget-wrap elementor-element-populated\">\n\t\t\t\t\t\t<div class=\"elementor-element elementor-element-d19e54b elementor-widget elementor-widget-image-box\" data-id=\"d19e54b\" data-element_type=\"widget\" data-widget_type=\"image-box.default\">\n\t\t\t\t<div class=\"elementor-widget-container\">\n\t\t\t\t\t<div class=\"elementor-image-box-wrapper\"><div class=\"elementor-image-box-content\"><h3 class=\"elementor-image-box-title\">Marcio Andrade<\/h3><p class=\"elementor-image-box-description\">2 Vice-Presidente<br>Prefeito de Painel<\/p><\/div><\/div>\t\t\t\t<\/div>\n\t\t\t\t<\/div>\n\t\t\t\t\t<\/div>\n\t\t<\/div>\n\t\t\t\t<div class=\"elementor-column elementor-col-25 elementor-top-column elementor-element elementor-element-36f6b15\" data-id=\"36f6b15\" data-element_type=\"column\">\n\t\t\t<div class=\"elementor-widget-wrap elementor-element-populated\">\n\t\t\t\t\t\t<div class=\"elementor-element elementor-element-6e97b02 elementor-widget elementor-widget-image-box\" data-id=\"6e97b02\" data-element_type=\"widget\" data-widget_type=\"image-box.default\">\n\t\t\t\t<div class=\"elementor-widget-container\">\n\t\t\t\t\t<div class=\"elementor-image-box-wrapper\"><div class=\"elementor-image-box-content\"><h3 class=\"elementor-image-box-title\">Beatriz Bleyer Rodrigues<\/h3><p class=\"elementor-image-box-description\">Diretora Executiva<br>CISAMURES<\/p><\/div><\/div>\t\t\t\t<\/div>\n\t\t\t\t<\/div>\n\t\t\t\t\t<\/div>\n\t\t<\/div>\n\t\t\t\t\t<\/div>\n\t\t<\/section>\n\t\t\t\t<\/div>\n\t\t","protected":false},"excerpt":{"rendered":"<p>O&nbsp;Cons\u00f3rcio \u00c9 uma parceria entre os munic\u00edpios da regi\u00e3o da Amures, que funciona desde o dia 18 e Setembro de 1997, para realizar a\u00e7\u00f5es e compras<span class=\"excerpt-hellip\"> [\u2026]<\/span><\/p>\n","protected":false},"author":4,"featured_media":0,"parent":0,"menu_order":0,"comment_status":"closed","ping_status":"closed","template":"","meta":{"footnotes":""},"class_list":["post-13","page","type-page","status-publish","hentry"],"yoast_head":"<!-- This site is optimized with the Yoast SEO plugin v27.1.1 - https:\/\/yoast.com\/product\/yoast-seo-wordpress\/ -->\n<title>Institucional - CIS AMURES<\/title>\n<meta name=\"robots\" content=\"index, follow, max-snippet:-1, max-image-preview:large, max-video-preview:-1\" \/>\n<link rel=\"canonical\" href=\"https:\/\/cisamures.sc.gov.br\/index.php\/institucional\/\" \/>\n<meta property=\"og:locale\" content=\"pt_BR\" \/>\n<meta property=\"og:type\" content=\"article\" \/>\n<meta property=\"og:title\" content=\"Institucional - CIS AMURES\" \/>\n<meta property=\"og:description\" content=\"O&nbsp;Cons\u00f3rcio \u00c9 uma parceria entre os munic\u00edpios da regi\u00e3o da Amures, que funciona desde o dia 18 e Setembro de 1997, para realizar a\u00e7\u00f5es e compras [\u2026]\" \/>\n<meta property=\"og:url\" content=\"https:\/\/cisamures.sc.gov.br\/index.php\/institucional\/\" \/>\n<meta property=\"og:site_name\" content=\"CIS AMURES\" \/>\n<meta property=\"article:modified_time\" content=\"2026-01-14T13:28:05+00:00\" \/>\n<meta property=\"og:image\" content=\"https:\/\/cisamures.sc.gov.br\/wp-content\/uploads\/2023\/02\/cis-2.0_resized.png\" \/>\n\t<meta property=\"og:image:width\" content=\"380\" \/>\n\t<meta property=\"og:image:height\" content=\"82\" \/>\n\t<meta property=\"og:image:type\" content=\"image\/png\" \/>\n<meta name=\"twitter:card\" content=\"summary_large_image\" \/>\n<meta name=\"twitter:label1\" content=\"Est. tempo de leitura\" \/>\n\t<meta name=\"twitter:data1\" content=\"2 minutos\" \/>\n<script type=\"application\/ld+json\" class=\"yoast-schema-graph\">{\"@context\":\"https:\/\/schema.org\",\"@graph\":[{\"@type\":\"WebPage\",\"@id\":\"https:\/\/cisamures.sc.gov.br\/index.php\/institucional\/\",\"url\":\"https:\/\/cisamures.sc.gov.br\/index.php\/institucional\/\",\"name\":\"Institucional - CIS AMURES\",\"isPartOf\":{\"@id\":\"https:\/\/cisamures.sc.gov.br\/#website\"},\"primaryImageOfPage\":{\"@id\":\"https:\/\/cisamures.sc.gov.br\/index.php\/institucional\/#primaryimage\"},\"image\":{\"@id\":\"https:\/\/cisamures.sc.gov.br\/index.php\/institucional\/#primaryimage\"},\"thumbnailUrl\":\"https:\/\/cisamures.sc.gov.br\/wp-content\/uploads\/2023\/02\/cis-2.0_resized.png\",\"datePublished\":\"2022-09-14T00:32:23+00:00\",\"dateModified\":\"2026-01-14T13:28:05+00:00\",\"breadcrumb\":{\"@id\":\"https:\/\/cisamures.sc.gov.br\/index.php\/institucional\/#breadcrumb\"},\"inLanguage\":\"pt-BR\",\"potentialAction\":[{\"@type\":\"ReadAction\",\"target\":[\"https:\/\/cisamures.sc.gov.br\/index.php\/institucional\/\"]}]},{\"@type\":\"ImageObject\",\"inLanguage\":\"pt-BR\",\"@id\":\"https:\/\/cisamures.sc.gov.br\/index.php\/institucional\/#primaryimage\",\"url\":\"https:\/\/cisamures.sc.gov.br\/wp-content\/uploads\/2023\/02\/cis-2.0_resized.png\",\"contentUrl\":\"https:\/\/cisamures.sc.gov.br\/wp-content\/uploads\/2023\/02\/cis-2.0_resized.png\",\"width\":380,\"height\":82},{\"@type\":\"BreadcrumbList\",\"@id\":\"https:\/\/cisamures.sc.gov.br\/index.php\/institucional\/#breadcrumb\",\"itemListElement\":[{\"@type\":\"ListItem\",\"position\":1,\"name\":\"In\u00edcio\",\"item\":\"https:\/\/cisamures.sc.gov.br\/\"},{\"@type\":\"ListItem\",\"position\":2,\"name\":\"Institucional\"}]},{\"@type\":\"WebSite\",\"@id\":\"https:\/\/cisamures.sc.gov.br\/#website\",\"url\":\"https:\/\/cisamures.sc.gov.br\/\",\"name\":\"CIS AMURES\",\"description\":\"Cons\u00f3rcio Interfederativo de Sa\u00fade\",\"publisher\":{\"@id\":\"https:\/\/cisamures.sc.gov.br\/#organization\"},\"potentialAction\":[{\"@type\":\"SearchAction\",\"target\":{\"@type\":\"EntryPoint\",\"urlTemplate\":\"https:\/\/cisamures.sc.gov.br\/?s={search_term_string}\"},\"query-input\":{\"@type\":\"PropertyValueSpecification\",\"valueRequired\":true,\"valueName\":\"search_term_string\"}}],\"inLanguage\":\"pt-BR\"},{\"@type\":\"Organization\",\"@id\":\"https:\/\/cisamures.sc.gov.br\/#organization\",\"name\":\"CIS AMURES\",\"url\":\"https:\/\/cisamures.sc.gov.br\/\",\"logo\":{\"@type\":\"ImageObject\",\"inLanguage\":\"pt-BR\",\"@id\":\"https:\/\/cisamures.sc.gov.br\/#\/schema\/logo\/image\/\",\"url\":\"https:\/\/cisamures.sc.gov.br\/wp-content\/uploads\/2025\/05\/cisamures.png\",\"contentUrl\":\"https:\/\/cisamures.sc.gov.br\/wp-content\/uploads\/2025\/05\/cisamures.png\",\"width\":380,\"height\":82,\"caption\":\"CIS AMURES\"},\"image\":{\"@id\":\"https:\/\/cisamures.sc.gov.br\/#\/schema\/logo\/image\/\"}}]}<\/script>\n<!-- \/ Yoast SEO plugin. -->","yoast_head_json":{"title":"Institucional - CIS AMURES","robots":{"index":"index","follow":"follow","max-snippet":"max-snippet:-1","max-image-preview":"max-image-preview:large","max-video-preview":"max-video-preview:-1"},"canonical":"https:\/\/cisamures.sc.gov.br\/index.php\/institucional\/","og_locale":"pt_BR","og_type":"article","og_title":"Institucional - CIS AMURES","og_description":"O&nbsp;Cons\u00f3rcio \u00c9 uma parceria entre os munic\u00edpios da regi\u00e3o da Amures, que funciona desde o dia 18 e Setembro de 1997, para realizar a\u00e7\u00f5es e compras [\u2026]","og_url":"https:\/\/cisamures.sc.gov.br\/index.php\/institucional\/","og_site_name":"CIS AMURES","article_modified_time":"2026-01-14T13:28:05+00:00","og_image":[{"width":380,"height":82,"url":"https:\/\/cisamures.sc.gov.br\/wp-content\/uploads\/2023\/02\/cis-2.0_resized.png","type":"image\/png"}],"twitter_card":"summary_large_image","twitter_misc":{"Est. tempo de leitura":"2 minutos"},"schema":{"@context":"https:\/\/schema.org","@graph":[{"@type":"WebPage","@id":"https:\/\/cisamures.sc.gov.br\/index.php\/institucional\/","url":"https:\/\/cisamures.sc.gov.br\/index.php\/institucional\/","name":"Institucional - CIS AMURES","isPartOf":{"@id":"https:\/\/cisamures.sc.gov.br\/#website"},"primaryImageOfPage":{"@id":"https:\/\/cisamures.sc.gov.br\/index.php\/institucional\/#primaryimage"},"image":{"@id":"https:\/\/cisamures.sc.gov.br\/index.php\/institucional\/#primaryimage"},"thumbnailUrl":"https:\/\/cisamures.sc.gov.br\/wp-content\/uploads\/2023\/02\/cis-2.0_resized.png","datePublished":"2022-09-14T00:32:23+00:00","dateModified":"2026-01-14T13:28:05+00:00","breadcrumb":{"@id":"https:\/\/cisamures.sc.gov.br\/index.php\/institucional\/#breadcrumb"},"inLanguage":"pt-BR","potentialAction":[{"@type":"ReadAction","target":["https:\/\/cisamures.sc.gov.br\/index.php\/institucional\/"]}]},{"@type":"ImageObject","inLanguage":"pt-BR","@id":"https:\/\/cisamures.sc.gov.br\/index.php\/institucional\/#primaryimage","url":"https:\/\/cisamures.sc.gov.br\/wp-content\/uploads\/2023\/02\/cis-2.0_resized.png","contentUrl":"https:\/\/cisamures.sc.gov.br\/wp-content\/uploads\/2023\/02\/cis-2.0_resized.png","width":380,"height":82},{"@type":"BreadcrumbList","@id":"https:\/\/cisamures.sc.gov.br\/index.php\/institucional\/#breadcrumb","itemListElement":[{"@type":"ListItem","position":1,"name":"In\u00edcio","item":"https:\/\/cisamures.sc.gov.br\/"},{"@type":"ListItem","position":2,"name":"Institucional"}]},{"@type":"WebSite","@id":"https:\/\/cisamures.sc.gov.br\/#website","url":"https:\/\/cisamures.sc.gov.br\/","name":"CIS AMURES","description":"Cons\u00f3rcio Interfederativo de Sa\u00fade","publisher":{"@id":"https:\/\/cisamures.sc.gov.br\/#organization"},"potentialAction":[{"@type":"SearchAction","target":{"@type":"EntryPoint","urlTemplate":"https:\/\/cisamures.sc.gov.br\/?s={search_term_string}"},"query-input":{"@type":"PropertyValueSpecification","valueRequired":true,"valueName":"search_term_string"}}],"inLanguage":"pt-BR"},{"@type":"Organization","@id":"https:\/\/cisamures.sc.gov.br\/#organization","name":"CIS AMURES","url":"https:\/\/cisamures.sc.gov.br\/","logo":{"@type":"ImageObject","inLanguage":"pt-BR","@id":"https:\/\/cisamures.sc.gov.br\/#\/schema\/logo\/image\/","url":"https:\/\/cisamures.sc.gov.br\/wp-content\/uploads\/2025\/05\/cisamures.png","contentUrl":"https:\/\/cisamures.sc.gov.br\/wp-content\/uploads\/2025\/05\/cisamures.png","width":380,"height":82,"caption":"CIS AMURES"},"image":{"@id":"https:\/\/cisamures.sc.gov.br\/#\/schema\/logo\/image\/"}}]}},"_links":{"self":[{"href":"https:\/\/cisamures.sc.gov.br\/index.php\/wp-json\/wp\/v2\/pages\/13","targetHints":{"allow":["GET"]}}],"collection":[{"href":"https:\/\/cisamures.sc.gov.br\/index.php\/wp-json\/wp\/v2\/pages"}],"about":[{"href":"https:\/\/cisamures.sc.gov.br\/index.php\/wp-json\/wp\/v2\/types\/page"}],"author":[{"embeddable":true,"href":"https:\/\/cisamures.sc.gov.br\/index.php\/wp-json\/wp\/v2\/users\/4"}],"replies":[{"embeddable":true,"href":"https:\/\/cisamures.sc.gov.br\/index.php\/wp-json\/wp\/v2\/comments?post=13"}],"version-history":[{"count":65,"href":"https:\/\/cisamures.sc.gov.br\/index.php\/wp-json\/wp\/v2\/pages\/13\/revisions"}],"predecessor-version":[{"id":2978,"href":"https:\/\/cisamures.sc.gov.br\/index.php\/wp-json\/wp\/v2\/pages\/13\/revisions\/2978"}],"wp:attachment":[{"href":"https:\/\/cisamures.sc.gov.br\/index.php\/wp-json\/wp\/v2\/media?parent=13"}],"curies":[{"name":"wp","href":"https:\/\/api.w.org\/{rel}","templated":true}]}}