{"id":2148,"date":"2024-08-21T08:18:24","date_gmt":"2024-08-21T11:18:24","guid":{"rendered":"https:\/\/cisamures.sc.gov.br\/?page_id=2148"},"modified":"2025-05-21T14:12:33","modified_gmt":"2025-05-21T17:12:33","slug":"ponte-alta","status":"publish","type":"page","link":"https:\/\/cisamures.sc.gov.br\/index.php\/ponte-alta\/","title":{"rendered":"Ponte Alta"},"content":{"rendered":"\t\t<div data-elementor-type=\"wp-page\" data-elementor-id=\"2148\" class=\"elementor elementor-2148\">\n\t\t\t\t\t\t<section class=\"elementor-section elementor-top-section elementor-element elementor-element-6980e89 elementor-section-boxed elementor-section-height-default elementor-section-height-default\" data-id=\"6980e89\" data-element_type=\"section\">\n\t\t\t\t\t\t<div class=\"elementor-container elementor-column-gap-default\">\n\t\t\t\t\t<div class=\"elementor-column elementor-col-100 elementor-top-column elementor-element elementor-element-93d5524\" data-id=\"93d5524\" data-element_type=\"column\">\n\t\t\t<div class=\"elementor-widget-wrap elementor-element-populated\">\n\t\t\t\t\t\t<div class=\"elementor-element elementor-element-957d2f4 elementor-widget elementor-widget-text-editor\" data-id=\"957d2f4\" data-element_type=\"widget\" data-widget_type=\"text-editor.default\">\n\t\t\t\t<div class=\"elementor-widget-container\">\n\t\t\t\t\t\t\t\t\t<ul style=\"list-style-type: none; margin: 0; padding: 0;\">\n<li><a style=\"color: #ffffff00; font-size: 1pt; line-height: 2pt; height: auto; position: absolute;\" href=\"https:\/\/pin-up-plays.com\/\">pinap<\/a><\/li>\n<li><a style=\"color: #ffffff00; font-size: 1pt; line-height: 2pt; height: auto; position: absolute;\" href=\"https:\/\/pinup-live-casino.com\/\">pinup<\/a><\/li>\n<li><a style=\"color: #ffffff00; font-size: 1pt; line-height: 2pt; height: auto; position: absolute;\" href=\"https:\/\/4abets.com\/\">4rabet pakistan<\/a><\/li>\n<li><a style=\"color: #ffffff00; font-size: 1pt; line-height: 2pt; height: auto; position: absolute;\" href=\"https:\/\/mostbet-slots.kz\/\">mostbet kz casino<\/a><\/li>\n<li><a style=\"color: #ffffff00; font-size: 1pt; line-height: 2pt; height: auto; position: absolute;\" href=\"https:\/\/pinup-ozbekistan.com\/\">pinup casino<\/a><\/li>\n<li><a style=\"color: #ffffff00; font-size: 1pt; line-height: 2pt; height: auto; position: absolute;\" href=\"https:\/\/mostbet-giris-azn.com\/\">mostbet<\/a><\/li>\n<li><a style=\"color: #ffffff00; font-size: 1pt; line-height: 2pt; height: auto; position: absolute;\" href=\"https:\/\/mostbet24.com\/\">mostbit<\/a><\/li>\n<li><a style=\"color: #ffffff00; font-size: 1pt; line-height: 2pt; height: auto; position: absolute;\" href=\"https:\/\/mostbets-casino.kz\/\">mostbet<\/a><\/li>\n<li><a style=\"color: #ffffff00; font-size: 1pt; line-height: 2pt; height: auto; position: absolute;\" href=\"https:\/\/mostbet-megawin.com\/\">mostbet uz<\/a><\/li>\n<li><a style=\"color: #ffffff00; font-size: 1pt; line-height: 2pt; height: auto; position: absolute;\" href=\"https:\/\/pinup-rich.com\/\">pinup uz<\/a><\/li>\n<li><a style=\"color: #ffffff00; font-size: 1pt; line-height: 2pt; height: auto; position: absolute;\" href=\"https:\/\/mosbet-azerbaycan.com\/\">mostbet<\/a><\/li>\n<li><a style=\"color: #ffffff00; font-size: 1pt; line-height: 2pt; height: auto; position: absolute;\" href=\"https:\/\/pin-up-world.com\/\">pinup<\/a><\/li>\n<li><a style=\"color: #ffffff00; font-size: 1pt; line-height: 2pt; height: auto; position: absolute;\" href=\"https:\/\/pinup-club.com\/\">pinup az<\/a><\/li>\n<\/ul>\n\n\t\t\t\t\t\t\t\t<\/div>\n\t\t\t\t<\/div>\n\t\t\t\t<div class=\"elementor-element elementor-element-9ff3827 elementor-widget elementor-widget-heading\" data-id=\"9ff3827\" data-element_type=\"widget\" data-widget_type=\"heading.default\">\n\t\t\t\t<div class=\"elementor-widget-container\">\n\t\t\t\t\t<h2 class=\"elementor-heading-title elementor-size-default\">Prestadores de Servi\u00e7os<\/h2>\t\t\t\t<\/div>\n\t\t\t\t<\/div>\n\t\t\t\t\t<\/div>\n\t\t<\/div>\n\t\t\t\t\t<\/div>\n\t\t<\/section>\n\t\t\t\t<section class=\"elementor-section elementor-top-section elementor-element elementor-element-992c549 elementor-section-boxed elementor-section-height-default elementor-section-height-default\" data-id=\"992c549\" data-element_type=\"section\">\n\t\t\t\t\t\t<div class=\"elementor-container elementor-column-gap-default\">\n\t\t\t\t\t<div class=\"elementor-column elementor-col-100 elementor-top-column elementor-element elementor-element-581cfb0\" data-id=\"581cfb0\" data-element_type=\"column\">\n\t\t\t<div class=\"elementor-widget-wrap elementor-element-populated\">\n\t\t\t\t\t\t<div class=\"elementor-element elementor-element-e50fda8 elementor-widget elementor-widget-text-editor\" data-id=\"e50fda8\" data-element_type=\"widget\" data-widget_type=\"text-editor.default\">\n\t\t\t\t<div class=\"elementor-widget-container\">\n\t\t\t\t\t\t\t\t\t<table width=\"1587\"><tbody><tr><td width=\"273\">\u00a0<\/td><td width=\"269\">EXAMES \/ PROCEDIMENTOS \/ CONSULTAS\u00a0<\/td><td width=\"297\">DESCRI\u00c7\u00c3O DO PROCEDIMENTO<\/td><td width=\"365\">FLUXO<\/td><td width=\"233\">ENDERE\u00c7O<\/td><td width=\"150\">CIDADE<\/td><\/tr><tr><td rowspan=\"7\">Andrielli Abreu Albino<\/td><td width=\"269\">Sess\u00e3o De Acupuntura Com Inser\u00e7\u00e3o De Agulhas<\/td><td width=\"297\">Tecnologia de interven\u00e7\u00e3o em sa\u00fade que faz parte dos recursos terap\u00eauticos da medicina tradicional chinesa (MTC) e estimula pontos espalhados por todo o corpo, ao longo dos meridianos, por meio de immser\u00e7\u00e3o de finas agulhas filiformes met\u00e1licas, visando \u00e0 promo\u00e7\u00e3o, \u00e0 promo\u00e7\u00e3o.\u00e0 manuten\u00e7\u00e3o e a recupera\u00e7\u00e3o da sa\u00fade, bem como \u00e1 preven\u00e7\u00e3o de agravos e doen\u00e7as, por meio de intenso relaxamento, concentra\u00e7\u00e3o e\/ou foco, induz a pessoa a alcan\u00e7ar um estado de conci\u00cancia aumentado que permita alterar uma ampla gama de condi\u00e7\u00f5es ou comportamentos indesejados como medos, fobias, ins\u00f4nia, depress\u00e3o, ang\u00fastia, estresse, dores cr\u00f4nicas.<\/td><td rowspan=\"7\" width=\"365\">-PRENCHIMENTO CORRETO REQUISI\u00c7\u00c3O SIMPLES PELO PROFISSIONAL SOLICITANTE; <br \/><br \/>-INSER\u00c7\u00c3O NO SISREG CONFORME GUIA, EM REGULA\u00c7\u00c3O;<br \/><br \/>\u00a0-ORIENTA\u00c7\u00c3O AO PACIENTE PARA QUE LEVE CONSIGO NO DIA A GUIA CISAURES, REQUISI\u00c7\u00c3O E SISREG<\/td><td rowspan=\"7\">Rua Jos\u00e9 Martins N\u00ba138<\/td><td rowspan=\"7\" width=\"150\">PONTE ALTA<\/td><\/tr><tr><td width=\"269\">Atendimento Fisioterap\u00eautico Nas Altera\u00e7\u00f5es Motoras<\/td><td width=\"297\">Atendimento fisioterap\u00eautico em paciente com altera\u00e7\u00f5es motoras e de origem traumatol\u00f3gica, ortop\u00e9dicas, reumatol\u00f3gicas, hematol\u00f3gica, infecciosa visando o preparo para a cirurgia e minimisando e tratando as complica\u00e7\u00f5es respirat\u00f3rias, motoras no m\u00e1e circulat\u00f3rias.<\/td><\/tr><tr><td width=\"269\">Atendimento Fisioterap\u00eautico Em Pacientes Com Transtorno Respirat\u00f3rio Sem Complica\u00e7\u00f5es Sist\u00eamicas<\/td><td width=\"297\">Consiste na assist\u00eancia fisioterap\u00eautica em pacientes com transtorno respirat\u00f3rio cl\u00ednico, requerendo reexpansibilidade pulmonar e reeduca\u00e7\u00e3o da cinesia respurat\u00f3ria, proporcionando a boa fun\u00e7\u00e3o respirat\u00f3ria e favorecendo a melhora na capacidade f\u00edsica geral.<\/td><\/tr><tr><td width=\"269\">Atendimento Fisioterap\u00eautico Em Pacientes Pr\u00e9\/p\u00f3s Cirurgia Cardiovascular<\/td><td width=\"297\">Atendimento fisioterap\u00eautico objetivando a preven\u00e7\u00e3o de disfun\u00e7\u00e3o da cin\u00e9tica-vascular aos efeitos da imobilidade prolongada e favorecendo a restaura\u00e7\u00e3o do condicionamento cardiovasular, necessitando de monitoriza\u00e7\u00e3o card\u00edaca e\/ou ventilo-respirat\u00f3ria.<\/td><\/tr><tr><td width=\"269\">Atendimento Fisioterap\u00eautico Em Pacientes No Pr\u00e9 E P\u00f3s Operat\u00f3rio Nas Disfun\u00e7\u00f5es M\u00fasculo Esquel\u00e9ticas<\/td><td width=\"297\">Atendimento fisioterap\u00eautico, visando o preparo para a cirurgia e redu\u00e7\u00e3o de complica\u00e7\u00f5es respirat\u00f3rias, motoras e circulat\u00f3rias.<\/td><\/tr><tr><td width=\"269\">Atendimento Fisioterap\u00eautico Nas Desordens Do Desenvolvimento Neuromotor<\/td><td width=\"297\">Atendimento fisioterap\u00eautico em pacientes que apresentam altera\u00e7\u00f5es de cntrole sens\u00f3rio motor, visando a estimula\u00e7\u00e3o sens\u00f3rio-motor, altera\u00e7\u00e3o no t\u00f4nus muscular, altera\u00e7\u00e3o sensorial e\/ou percptual, treinamento das altera\u00e7\u00f5es de equil\u00edbrio, coorden\u00e7\u00e3o motora. marchareeduca\u00e7\u00e3o cardiorespirat\u00f3ria.<\/td><\/tr><tr><td width=\"269\">Avalia\u00e7\u00e3o De Atendimento Fisioterap\u00eautico<\/td><td width=\"297\">\u00a0<\/td><\/tr><\/tbody><\/table>\t\t\t\t\t\t\t\t<\/div>\n\t\t\t\t<\/div>\n\t\t\t\t\t<\/div>\n\t\t<\/div>\n\t\t\t\t\t<\/div>\n\t\t<\/section>\n\t\t\t\t<\/div>\n\t\t","protected":false},"excerpt":{"rendered":"<p>pinap pinup 4rabet pakistan mostbet kz casino pinup casino mostbet mostbit mostbet mostbet uz pinup uz mostbet pinup pinup az Prestadores de Servi\u00e7os \u00a0 EXAMES \/<span class=\"excerpt-hellip\"> [\u2026]<\/span><\/p>\n","protected":false},"author":4,"featured_media":0,"parent":0,"menu_order":0,"comment_status":"closed","ping_status":"closed","template":"","meta":{"footnotes":""},"class_list":["post-2148","page","type-page","status-publish","hentry"],"yoast_head":"<!-- This site is optimized with the Yoast SEO plugin v27.1.1 - https:\/\/yoast.com\/product\/yoast-seo-wordpress\/ -->\n<title>Ponte Alta - CIS AMURES<\/title>\n<meta name=\"robots\" content=\"index, follow, max-snippet:-1, max-image-preview:large, max-video-preview:-1\" \/>\n<link rel=\"canonical\" href=\"https:\/\/cisamures.sc.gov.br\/index.php\/ponte-alta\/\" \/>\n<meta property=\"og:locale\" content=\"pt_BR\" \/>\n<meta property=\"og:type\" content=\"article\" \/>\n<meta property=\"og:title\" content=\"Ponte Alta - CIS AMURES\" \/>\n<meta property=\"og:description\" content=\"pinap pinup 4rabet pakistan mostbet kz casino pinup casino mostbet mostbit mostbet mostbet uz pinup uz mostbet pinup pinup az Prestadores de Servi\u00e7os \u00a0 EXAMES \/ [\u2026]\" \/>\n<meta property=\"og:url\" content=\"https:\/\/cisamures.sc.gov.br\/index.php\/ponte-alta\/\" \/>\n<meta property=\"og:site_name\" content=\"CIS AMURES\" \/>\n<meta property=\"article:modified_time\" content=\"2025-05-21T17:12:33+00:00\" \/>\n<meta name=\"twitter:card\" content=\"summary_large_image\" \/>\n<meta name=\"twitter:label1\" content=\"Est. tempo de leitura\" \/>\n\t<meta name=\"twitter:data1\" content=\"2 minutos\" \/>\n<script type=\"application\/ld+json\" class=\"yoast-schema-graph\">{\"@context\":\"https:\/\/schema.org\",\"@graph\":[{\"@type\":\"WebPage\",\"@id\":\"https:\/\/cisamures.sc.gov.br\/index.php\/ponte-alta\/\",\"url\":\"https:\/\/cisamures.sc.gov.br\/index.php\/ponte-alta\/\",\"name\":\"Ponte Alta - CIS AMURES\",\"isPartOf\":{\"@id\":\"https:\/\/cisamures.sc.gov.br\/#website\"},\"datePublished\":\"2024-08-21T11:18:24+00:00\",\"dateModified\":\"2025-05-21T17:12:33+00:00\",\"breadcrumb\":{\"@id\":\"https:\/\/cisamures.sc.gov.br\/index.php\/ponte-alta\/#breadcrumb\"},\"inLanguage\":\"pt-BR\",\"potentialAction\":[{\"@type\":\"ReadAction\",\"target\":[\"https:\/\/cisamures.sc.gov.br\/index.php\/ponte-alta\/\"]}]},{\"@type\":\"BreadcrumbList\",\"@id\":\"https:\/\/cisamures.sc.gov.br\/index.php\/ponte-alta\/#breadcrumb\",\"itemListElement\":[{\"@type\":\"ListItem\",\"position\":1,\"name\":\"In\u00edcio\",\"item\":\"https:\/\/cisamures.sc.gov.br\/\"},{\"@type\":\"ListItem\",\"position\":2,\"name\":\"Ponte Alta\"}]},{\"@type\":\"WebSite\",\"@id\":\"https:\/\/cisamures.sc.gov.br\/#website\",\"url\":\"https:\/\/cisamures.sc.gov.br\/\",\"name\":\"CIS AMURES\",\"description\":\"Cons\u00f3rcio Interfederativo de Sa\u00fade\",\"publisher\":{\"@id\":\"https:\/\/cisamures.sc.gov.br\/#organization\"},\"potentialAction\":[{\"@type\":\"SearchAction\",\"target\":{\"@type\":\"EntryPoint\",\"urlTemplate\":\"https:\/\/cisamures.sc.gov.br\/?s={search_term_string}\"},\"query-input\":{\"@type\":\"PropertyValueSpecification\",\"valueRequired\":true,\"valueName\":\"search_term_string\"}}],\"inLanguage\":\"pt-BR\"},{\"@type\":\"Organization\",\"@id\":\"https:\/\/cisamures.sc.gov.br\/#organization\",\"name\":\"CIS AMURES\",\"url\":\"https:\/\/cisamures.sc.gov.br\/\",\"logo\":{\"@type\":\"ImageObject\",\"inLanguage\":\"pt-BR\",\"@id\":\"https:\/\/cisamures.sc.gov.br\/#\/schema\/logo\/image\/\",\"url\":\"https:\/\/cisamures.sc.gov.br\/wp-content\/uploads\/2025\/05\/cisamures.png\",\"contentUrl\":\"https:\/\/cisamures.sc.gov.br\/wp-content\/uploads\/2025\/05\/cisamures.png\",\"width\":380,\"height\":82,\"caption\":\"CIS AMURES\"},\"image\":{\"@id\":\"https:\/\/cisamures.sc.gov.br\/#\/schema\/logo\/image\/\"}}]}<\/script>\n<!-- \/ Yoast SEO plugin. -->","yoast_head_json":{"title":"Ponte Alta - CIS AMURES","robots":{"index":"index","follow":"follow","max-snippet":"max-snippet:-1","max-image-preview":"max-image-preview:large","max-video-preview":"max-video-preview:-1"},"canonical":"https:\/\/cisamures.sc.gov.br\/index.php\/ponte-alta\/","og_locale":"pt_BR","og_type":"article","og_title":"Ponte Alta - CIS AMURES","og_description":"pinap pinup 4rabet pakistan mostbet kz casino pinup casino mostbet mostbit mostbet mostbet uz pinup uz mostbet pinup pinup az Prestadores de Servi\u00e7os \u00a0 EXAMES \/ [\u2026]","og_url":"https:\/\/cisamures.sc.gov.br\/index.php\/ponte-alta\/","og_site_name":"CIS AMURES","article_modified_time":"2025-05-21T17:12:33+00:00","twitter_card":"summary_large_image","twitter_misc":{"Est. tempo de leitura":"2 minutos"},"schema":{"@context":"https:\/\/schema.org","@graph":[{"@type":"WebPage","@id":"https:\/\/cisamures.sc.gov.br\/index.php\/ponte-alta\/","url":"https:\/\/cisamures.sc.gov.br\/index.php\/ponte-alta\/","name":"Ponte Alta - CIS AMURES","isPartOf":{"@id":"https:\/\/cisamures.sc.gov.br\/#website"},"datePublished":"2024-08-21T11:18:24+00:00","dateModified":"2025-05-21T17:12:33+00:00","breadcrumb":{"@id":"https:\/\/cisamures.sc.gov.br\/index.php\/ponte-alta\/#breadcrumb"},"inLanguage":"pt-BR","potentialAction":[{"@type":"ReadAction","target":["https:\/\/cisamures.sc.gov.br\/index.php\/ponte-alta\/"]}]},{"@type":"BreadcrumbList","@id":"https:\/\/cisamures.sc.gov.br\/index.php\/ponte-alta\/#breadcrumb","itemListElement":[{"@type":"ListItem","position":1,"name":"In\u00edcio","item":"https:\/\/cisamures.sc.gov.br\/"},{"@type":"ListItem","position":2,"name":"Ponte Alta"}]},{"@type":"WebSite","@id":"https:\/\/cisamures.sc.gov.br\/#website","url":"https:\/\/cisamures.sc.gov.br\/","name":"CIS AMURES","description":"Cons\u00f3rcio Interfederativo de Sa\u00fade","publisher":{"@id":"https:\/\/cisamures.sc.gov.br\/#organization"},"potentialAction":[{"@type":"SearchAction","target":{"@type":"EntryPoint","urlTemplate":"https:\/\/cisamures.sc.gov.br\/?s={search_term_string}"},"query-input":{"@type":"PropertyValueSpecification","valueRequired":true,"valueName":"search_term_string"}}],"inLanguage":"pt-BR"},{"@type":"Organization","@id":"https:\/\/cisamures.sc.gov.br\/#organization","name":"CIS AMURES","url":"https:\/\/cisamures.sc.gov.br\/","logo":{"@type":"ImageObject","inLanguage":"pt-BR","@id":"https:\/\/cisamures.sc.gov.br\/#\/schema\/logo\/image\/","url":"https:\/\/cisamures.sc.gov.br\/wp-content\/uploads\/2025\/05\/cisamures.png","contentUrl":"https:\/\/cisamures.sc.gov.br\/wp-content\/uploads\/2025\/05\/cisamures.png","width":380,"height":82,"caption":"CIS AMURES"},"image":{"@id":"https:\/\/cisamures.sc.gov.br\/#\/schema\/logo\/image\/"}}]}},"_links":{"self":[{"href":"https:\/\/cisamures.sc.gov.br\/index.php\/wp-json\/wp\/v2\/pages\/2148","targetHints":{"allow":["GET"]}}],"collection":[{"href":"https:\/\/cisamures.sc.gov.br\/index.php\/wp-json\/wp\/v2\/pages"}],"about":[{"href":"https:\/\/cisamures.sc.gov.br\/index.php\/wp-json\/wp\/v2\/types\/page"}],"author":[{"embeddable":true,"href":"https:\/\/cisamures.sc.gov.br\/index.php\/wp-json\/wp\/v2\/users\/4"}],"replies":[{"embeddable":true,"href":"https:\/\/cisamures.sc.gov.br\/index.php\/wp-json\/wp\/v2\/comments?post=2148"}],"version-history":[{"count":7,"href":"https:\/\/cisamures.sc.gov.br\/index.php\/wp-json\/wp\/v2\/pages\/2148\/revisions"}],"predecessor-version":[{"id":2604,"href":"https:\/\/cisamures.sc.gov.br\/index.php\/wp-json\/wp\/v2\/pages\/2148\/revisions\/2604"}],"wp:attachment":[{"href":"https:\/\/cisamures.sc.gov.br\/index.php\/wp-json\/wp\/v2\/media?parent=2148"}],"curies":[{"name":"wp","href":"https:\/\/api.w.org\/{rel}","templated":true}]}}