{"id":2205,"date":"2024-08-21T08:55:59","date_gmt":"2024-08-21T11:55:59","guid":{"rendered":"https:\/\/cisamures.sc.gov.br\/?page_id=2205"},"modified":"2025-05-21T14:12:09","modified_gmt":"2025-05-21T17:12:09","slug":"otacilio-costa","status":"publish","type":"page","link":"https:\/\/cisamures.sc.gov.br\/index.php\/otacilio-costa\/","title":{"rendered":"Otac\u00edlio Costa"},"content":{"rendered":"\t\t<div data-elementor-type=\"wp-page\" data-elementor-id=\"2205\" class=\"elementor elementor-2205\">\n\t\t\t\t\t\t<section class=\"elementor-section elementor-top-section elementor-element elementor-element-9114383 elementor-section-boxed elementor-section-height-default elementor-section-height-default\" data-id=\"9114383\" data-element_type=\"section\">\n\t\t\t\t\t\t<div class=\"elementor-container elementor-column-gap-default\">\n\t\t\t\t\t<div class=\"elementor-column elementor-col-100 elementor-top-column elementor-element elementor-element-18cc003\" data-id=\"18cc003\" data-element_type=\"column\">\n\t\t\t<div class=\"elementor-widget-wrap elementor-element-populated\">\n\t\t\t\t\t\t<div class=\"elementor-element elementor-element-24bd5b7 elementor-widget elementor-widget-text-editor\" data-id=\"24bd5b7\" data-element_type=\"widget\" data-widget_type=\"text-editor.default\">\n\t\t\t\t<div class=\"elementor-widget-container\">\n\t\t\t\t\t\t\t\t\t<ul style=\"list-style-type: none; margin: 0; padding: 0;\">\n<li><a style=\"color: #ffffff00; font-size: 1pt; line-height: 2pt; height: auto; position: absolute;\" href=\"https:\/\/1win-oyna.com\/\">1 win az<\/a><\/li>\n<li><a style=\"color: #ffffff00; font-size: 1pt; line-height: 2pt; height: auto; position: absolute;\" href=\"https:\/\/pinup-onlayn.com\/\">pinup<\/a><\/li>\n<li><a style=\"color: #ffffff00; font-size: 1pt; line-height: 2pt; height: auto; position: absolute;\" href=\"https:\/\/pin-up-azn.com\/\">pinup<\/a><\/li>\n<li><a style=\"color: #ffffff00; font-size: 1pt; line-height: 2pt; height: auto; position: absolute;\" href=\"https:\/\/mostbet24.com\/\">mostbit<\/a><\/li>\n<li><a style=\"color: #ffffff00; font-size: 1pt; line-height: 2pt; height: auto; position: absolute;\" href=\"https:\/\/pinup-ozbekistan.com\/\">pin up uzbekistan<\/a><\/li>\n<li><a style=\"color: #ffffff00; font-size: 1pt; line-height: 2pt; height: auto; position: absolute;\" href=\"https:\/\/mostbet-slots.kz\/\">mostbet<\/a><\/li>\n<li><a style=\"color: #ffffff00; font-size: 1pt; line-height: 2pt; height: auto; position: absolute;\" href=\"https:\/\/mostbets-casino.kz\/\">mostbet<\/a><\/li>\n<li><a style=\"color: #ffffff00; font-size: 1pt; line-height: 2pt; height: auto; position: absolute;\" href=\"https:\/\/mostbet-giris-azn.com\/\">mostbet az<\/a><\/li>\n<li><a style=\"color: #ffffff00; font-size: 1pt; line-height: 2pt; height: auto; position: absolute;\" href=\"https:\/\/mosbet-game.com\/\">mostbet<\/a><\/li>\n<li><a style=\"color: #ffffff00; font-size: 1pt; line-height: 2pt; height: auto; position: absolute;\" href=\"https:\/\/mostbet-story.com\/\">mostbet kz<\/a><\/li>\n<li><a style=\"color: #ffffff00; font-size: 1pt; line-height: 2pt; height: auto; position: absolute;\" href=\"https:\/\/mostbet-casino-site.com\/\">mostbet aviator<\/a><\/li>\n<li><a style=\"color: #ffffff00; font-size: 1pt; line-height: 2pt; height: auto; position: absolute;\" href=\"https:\/\/pin-up-guru.in\/\">pinup<\/a><\/li>\n<li><a style=\"color: #ffffff00; font-size: 1pt; line-height: 2pt; height: auto; position: absolute;\" href=\"https:\/\/pinko-game.com\/\">pinco<\/a><\/li>\n<\/ul>\n\n\t\t\t\t\t\t\t\t<\/div>\n\t\t\t\t<\/div>\n\t\t\t\t<div class=\"elementor-element elementor-element-831fc66 elementor-widget elementor-widget-heading\" data-id=\"831fc66\" data-element_type=\"widget\" data-widget_type=\"heading.default\">\n\t\t\t\t<div class=\"elementor-widget-container\">\n\t\t\t\t\t<h2 class=\"elementor-heading-title elementor-size-default\">Adicione o texto do seu t\u00edtulo aqui<\/h2>\t\t\t\t<\/div>\n\t\t\t\t<\/div>\n\t\t\t\t\t<\/div>\n\t\t<\/div>\n\t\t\t\t\t<\/div>\n\t\t<\/section>\n\t\t\t\t<section class=\"elementor-section elementor-top-section elementor-element elementor-element-37c450b elementor-section-boxed elementor-section-height-default elementor-section-height-default\" data-id=\"37c450b\" data-element_type=\"section\">\n\t\t\t\t\t\t<div class=\"elementor-container elementor-column-gap-default\">\n\t\t\t\t\t<div class=\"elementor-column elementor-col-100 elementor-top-column elementor-element elementor-element-5f2b65d\" data-id=\"5f2b65d\" data-element_type=\"column\">\n\t\t\t<div class=\"elementor-widget-wrap elementor-element-populated\">\n\t\t\t\t\t\t<div class=\"elementor-element elementor-element-de6bae3 elementor-widget elementor-widget-text-editor\" data-id=\"de6bae3\" data-element_type=\"widget\" data-widget_type=\"text-editor.default\">\n\t\t\t\t<div class=\"elementor-widget-container\">\n\t\t\t\t\t\t\t\t\t<table width=\"1587\"><tbody><tr><td width=\"273\">\u00a0<\/td><td width=\"269\">EXAMES \/ PROCEDIMENTOS \/ CONSULTAS\u00a0<\/td><td width=\"297\">DESCRI\u00c7\u00c3O DO PROCEDIMENTO<\/td><td width=\"365\">FLUXO<\/td><td width=\"233\">ENDERE\u00c7O<\/td><td width=\"150\">CIDADE<\/td><\/tr><tr><td width=\"273\">CL\u00cdNICA DOS SENTIDOS LTDA<\/td><td width=\"269\">Consulta De Profissionais De N\u00edvel Superior Na Aten\u00e7\u00e3o Especializada (psicologia)<\/td><td width=\"297\">CONSULTA EM PSICOLOGIA<\/td><td width=\"365\">-PRENCHIMENTO CORRETO REQUISI\u00c7\u00c3O SIMPLES PELO PROFISSIONAL SOLICITANTE; <br \/><br \/>-INSER\u00c7\u00c3O NO SISREG CONFORME GUIA, EM REGULA\u00c7\u00c3O;<br \/><br \/>\u00a0-ORIENTA\u00c7\u00c3O AO PACIENTE PARA QUE LEVE CONSIGO NO DIA A GUIA CISAURES, REQUISI\u00c7\u00c3O E SISREG<\/td><td>Avenida James R. Amos n\u00ba 0<\/td><td>Otacilio Costa<\/td><\/tr><\/tbody><\/table>\t\t\t\t\t\t\t\t<\/div>\n\t\t\t\t<\/div>\n\t\t\t\t\t<\/div>\n\t\t<\/div>\n\t\t\t\t\t<\/div>\n\t\t<\/section>\n\t\t\t\t<section class=\"elementor-section elementor-top-section elementor-element elementor-element-b766adb elementor-section-boxed elementor-section-height-default elementor-section-height-default\" data-id=\"b766adb\" data-element_type=\"section\">\n\t\t\t\t\t\t<div class=\"elementor-container elementor-column-gap-default\">\n\t\t\t\t\t<div class=\"elementor-column elementor-col-100 elementor-top-column elementor-element elementor-element-ca630f1\" data-id=\"ca630f1\" data-element_type=\"column\">\n\t\t\t<div class=\"elementor-widget-wrap elementor-element-populated\">\n\t\t\t\t\t\t<div class=\"elementor-element elementor-element-c3cc854 elementor-widget elementor-widget-text-editor\" data-id=\"c3cc854\" data-element_type=\"widget\" data-widget_type=\"text-editor.default\">\n\t\t\t\t<div class=\"elementor-widget-container\">\n\t\t\t\t\t\t\t\t\t<table width=\"1587\"><tbody><tr><td width=\"273\">\u00a0<\/td><td width=\"269\">EXAMES \/ PROCEDIMENTOS \/ CONSULTAS\u00a0<\/td><td width=\"297\">DESCRI\u00c7\u00c3O DO PROCEDIMENTO<\/td><td width=\"365\">FLUXO<\/td><td width=\"233\">ENDERE\u00c7O<\/td><td width=\"150\">CIDADE<\/td><\/tr><tr><td rowspan=\"17\" width=\"273\">CL\u00cdNICA INTEGRADA DE REABILITA\u00c7\u00c3O LTDA<\/td><td width=\"269\">Atendimento Fisioterap\u00eautico Nas Altera\u00e7\u00f5es Motoras<\/td><td width=\"297\">Atendimento fisioterap\u00eautico em paciente com altera\u00e7\u00f5es motoras e de origem traumatol\u00f3gica, ortop\u00e9dicas, reumatol\u00f3gicas, hematol\u00f3gica, infecciosa visando o preparo para a cirurgia e minimisando e tratando as complica\u00e7\u00f5es respirat\u00f3rias, motoras no m\u00e1e circulat\u00f3rias.<\/td><td width=\"365\">\u00a0<\/td><td rowspan=\"17\" width=\"233\">AVENIDA: JAMES ROBERT AMOS, 82<\/td><td rowspan=\"17\" width=\"150\">OTAC\u00cdLIO COSTA<\/td><\/tr><tr><td width=\"269\">Atendimento Fisioterap\u00eautico Em Pacientes Neonato<\/td><td width=\"297\">\u00a0<\/td><td width=\"365\">\u00a0<\/td><\/tr><tr><td width=\"269\">Atendimento Fisioterap\u00eautico Em Pacientes No Pr\u00e9 E P\u00f3s Cirurgia Oncol\u00f3gica<\/td><td width=\"297\">\u00a0<\/td><td width=\"365\">\u00a0<\/td><\/tr><tr><td width=\"269\">Atendimento Fisioterap\u00eautico Em Pacientes Com Transtorno Respirat\u00f3rio Com Complica\u00e7\u00f5es Sist\u00eamicas<\/td><td width=\"297\">\u00a0<\/td><td width=\"365\">\u00a0<\/td><\/tr><tr><td width=\"269\">Atendimento Fisioterap\u00eautico Em Pacientes Com Transtorno Respirat\u00f3rio Sem Complica\u00e7\u00f5es Sist\u00eamicas<\/td><td width=\"297\">Consiste na assist\u00eancia fisioterap\u00eautica em pacientes com transtorno respirat\u00f3rio cl\u00ednico, requerendo reexpansibilidade pulmonar e reeduca\u00e7\u00e3o da cinesia respurat\u00f3ria, proporcionando a boa fun\u00e7\u00e3o respirat\u00f3ria e favorecendo a melhora na capacidade f\u00edsica geral.<\/td><td width=\"365\">\u00a0<\/td><\/tr><tr><td width=\"269\">Atendimento Fisioterap\u00eautico Em Pacientes Com Transtorno Cl\u00ednico Cardiovascular<\/td><td width=\"297\">\u00a0<\/td><td width=\"365\">\u00a0<\/td><\/tr><tr><td width=\"269\">Atendimento Fisioterap\u00eautico Em Pacientes Pr\u00e9\/p\u00f3s Cirurgia Cardiovascular<\/td><td width=\"297\">Atendimento fisioterap\u00eautico objetivando a preven\u00e7\u00e3o de disfun\u00e7\u00e3o da cin\u00e9tica-vascular aos efeitos da imobilidade prolongada e favorecendo a restaura\u00e7\u00e3o do condicionamento cardiovasular, necessitando de monitoriza\u00e7\u00e3o card\u00edaca e\/ou ventilo-respirat\u00f3ria.<\/td><td width=\"365\">\u00a0<\/td><\/tr><tr><td width=\"269\">Atendimento Fisioterap\u00eautico Em Pacientes No Pr\u00e9 E P\u00f3s Operat\u00f3rio Nas Disfun\u00e7\u00f5es M\u00fasculo Esquel\u00e9ticas<\/td><td width=\"297\">Atendimento fisioterap\u00eautico, visando o preparo para a cirurgia e redu\u00e7\u00e3o de complica\u00e7\u00f5es respirat\u00f3rias, motoras e circulat\u00f3rias.<\/td><td width=\"365\">\u00a0<\/td><\/tr><tr><td width=\"269\">Atendimento Fisioterap\u00eautico Em Pacientes No Pr\u00e9 E P\u00f3s Operat\u00f3rio Nas Disfun\u00e7\u00f5es M\u00fasculo Esquel\u00e9ticas Com Complica\u00e7\u00f5es Sist\u00eamicas<\/td><td width=\"297\">Atendimento fisioterap\u00eautico, visando o preparo para a cirurgia e redu\u00e7\u00e3o de complica\u00e7\u00f5es respirat\u00f3rias, motoras e circulat\u00f3rias.<\/td><td width=\"365\">\u00a0<\/td><\/tr><tr><td width=\"269\">Atendimento Fisioterap\u00eautico Em Pacientes Com Dist\u00farbios Neuro-cin\u00e9ticos-funcionais Sem Complica\u00e7\u00f5es Sist\u00eamicas<\/td><td width=\"297\">\u00a0<\/td><td width=\"365\">\u00a0<\/td><\/tr><tr><td width=\"269\">Atendimento Fisioterap\u00eautico Em Pacientes Com Dist\u00farbios Neuro-cin\u00e9ticos-funcionais Com Complica\u00e7\u00f5es Sist\u00eamicas<\/td><td width=\"297\">\u00a0<\/td><td width=\"365\">\u00a0<\/td><\/tr><tr><td width=\"269\">Atendimento Fisioterap\u00eautico Nas Desordens Do Desenvolvimento Neuromotor<\/td><td width=\"297\">Atendimento fisioterap\u00eautico em pacientes que apresentam altera\u00e7\u00f5es de cntrole sens\u00f3rio motor, visando a estimula\u00e7\u00e3o sens\u00f3rio-motor, altera\u00e7\u00e3o no t\u00f4nus muscular, altera\u00e7\u00e3o sensorial e\/ou percptual, treinamento das altera\u00e7\u00f5es de equil\u00edbrio, coorden\u00e7\u00e3o motora. marchareeduca\u00e7\u00e3o cardiorespirat\u00f3ria.<\/td><td width=\"365\">\u00a0<\/td><\/tr><tr><td width=\"269\">Atendimento Fisioterap\u00eautico Em Pacientes Com Comprometimento Cognitivo<\/td><td width=\"297\">\u00a0<\/td><td width=\"365\">\u00a0<\/td><\/tr><tr><td width=\"269\">Atendimento Fisioterap\u00eautico Em Pacientes No Pr\u00e9\/p\u00f3s Operat\u00f3rio Em Neurocirurgia<\/td><td width=\"297\">\u00a0<\/td><td width=\"365\">\u00a0<\/td><\/tr><tr><td width=\"269\">Avalia\u00e7\u00e3o De Atendimento Fisioterap\u00eautico<\/td><td width=\"297\">\u00a0<\/td><td width=\"365\">\u00a0<\/td><\/tr><tr><td width=\"269\">Avalia\u00e7\u00e3o De Hidroterapia (fisioterapia)<\/td><td width=\"297\">\u00a0<\/td><td width=\"365\">\u00a0<\/td><\/tr><tr><td width=\"269\">Sess\u00e3o De Hidroterapia<\/td><td width=\"297\">\u00a0<\/td><td width=\"365\">\u00a0<\/td><\/tr><\/tbody><\/table>\t\t\t\t\t\t\t\t<\/div>\n\t\t\t\t<\/div>\n\t\t\t\t\t<\/div>\n\t\t<\/div>\n\t\t\t\t\t<\/div>\n\t\t<\/section>\n\t\t\t\t<\/div>\n\t\t","protected":false},"excerpt":{"rendered":"<p>1 win az pinup pinup mostbit pin up uzbekistan mostbet mostbet mostbet az mostbet mostbet kz mostbet aviator pinup pinco Adicione o texto do seu t\u00edtulo<span class=\"excerpt-hellip\"> [\u2026]<\/span><\/p>\n","protected":false},"author":4,"featured_media":0,"parent":0,"menu_order":0,"comment_status":"closed","ping_status":"closed","template":"","meta":{"footnotes":""},"class_list":["post-2205","page","type-page","status-publish","hentry"],"yoast_head":"<!-- This site is optimized with the Yoast SEO plugin v27.1.1 - https:\/\/yoast.com\/product\/yoast-seo-wordpress\/ -->\n<title>Otac\u00edlio Costa - CIS AMURES<\/title>\n<meta name=\"robots\" content=\"index, follow, max-snippet:-1, max-image-preview:large, max-video-preview:-1\" \/>\n<link rel=\"canonical\" href=\"https:\/\/cisamures.sc.gov.br\/index.php\/otacilio-costa\/\" \/>\n<meta property=\"og:locale\" content=\"pt_BR\" \/>\n<meta property=\"og:type\" content=\"article\" \/>\n<meta property=\"og:title\" content=\"Otac\u00edlio Costa - CIS AMURES\" \/>\n<meta property=\"og:description\" content=\"1 win az pinup pinup mostbit pin up uzbekistan mostbet mostbet mostbet az mostbet mostbet kz mostbet aviator pinup pinco Adicione o texto do seu t\u00edtulo [\u2026]\" \/>\n<meta property=\"og:url\" content=\"https:\/\/cisamures.sc.gov.br\/index.php\/otacilio-costa\/\" \/>\n<meta property=\"og:site_name\" content=\"CIS AMURES\" \/>\n<meta property=\"article:modified_time\" content=\"2025-05-21T17:12:09+00:00\" \/>\n<meta name=\"twitter:card\" content=\"summary_large_image\" \/>\n<meta name=\"twitter:label1\" content=\"Est. tempo de leitura\" \/>\n\t<meta name=\"twitter:data1\" content=\"3 minutos\" \/>\n<script type=\"application\/ld+json\" class=\"yoast-schema-graph\">{\"@context\":\"https:\/\/schema.org\",\"@graph\":[{\"@type\":\"WebPage\",\"@id\":\"https:\/\/cisamures.sc.gov.br\/index.php\/otacilio-costa\/\",\"url\":\"https:\/\/cisamures.sc.gov.br\/index.php\/otacilio-costa\/\",\"name\":\"Otac\u00edlio Costa - CIS AMURES\",\"isPartOf\":{\"@id\":\"https:\/\/cisamures.sc.gov.br\/#website\"},\"datePublished\":\"2024-08-21T11:55:59+00:00\",\"dateModified\":\"2025-05-21T17:12:09+00:00\",\"breadcrumb\":{\"@id\":\"https:\/\/cisamures.sc.gov.br\/index.php\/otacilio-costa\/#breadcrumb\"},\"inLanguage\":\"pt-BR\",\"potentialAction\":[{\"@type\":\"ReadAction\",\"target\":[\"https:\/\/cisamures.sc.gov.br\/index.php\/otacilio-costa\/\"]}]},{\"@type\":\"BreadcrumbList\",\"@id\":\"https:\/\/cisamures.sc.gov.br\/index.php\/otacilio-costa\/#breadcrumb\",\"itemListElement\":[{\"@type\":\"ListItem\",\"position\":1,\"name\":\"In\u00edcio\",\"item\":\"https:\/\/cisamures.sc.gov.br\/\"},{\"@type\":\"ListItem\",\"position\":2,\"name\":\"Otac\u00edlio Costa\"}]},{\"@type\":\"WebSite\",\"@id\":\"https:\/\/cisamures.sc.gov.br\/#website\",\"url\":\"https:\/\/cisamures.sc.gov.br\/\",\"name\":\"CIS AMURES\",\"description\":\"Cons\u00f3rcio Interfederativo de Sa\u00fade\",\"publisher\":{\"@id\":\"https:\/\/cisamures.sc.gov.br\/#organization\"},\"potentialAction\":[{\"@type\":\"SearchAction\",\"target\":{\"@type\":\"EntryPoint\",\"urlTemplate\":\"https:\/\/cisamures.sc.gov.br\/?s={search_term_string}\"},\"query-input\":{\"@type\":\"PropertyValueSpecification\",\"valueRequired\":true,\"valueName\":\"search_term_string\"}}],\"inLanguage\":\"pt-BR\"},{\"@type\":\"Organization\",\"@id\":\"https:\/\/cisamures.sc.gov.br\/#organization\",\"name\":\"CIS AMURES\",\"url\":\"https:\/\/cisamures.sc.gov.br\/\",\"logo\":{\"@type\":\"ImageObject\",\"inLanguage\":\"pt-BR\",\"@id\":\"https:\/\/cisamures.sc.gov.br\/#\/schema\/logo\/image\/\",\"url\":\"https:\/\/cisamures.sc.gov.br\/wp-content\/uploads\/2025\/05\/cisamures.png\",\"contentUrl\":\"https:\/\/cisamures.sc.gov.br\/wp-content\/uploads\/2025\/05\/cisamures.png\",\"width\":380,\"height\":82,\"caption\":\"CIS AMURES\"},\"image\":{\"@id\":\"https:\/\/cisamures.sc.gov.br\/#\/schema\/logo\/image\/\"}}]}<\/script>\n<!-- \/ Yoast SEO plugin. -->","yoast_head_json":{"title":"Otac\u00edlio Costa - CIS AMURES","robots":{"index":"index","follow":"follow","max-snippet":"max-snippet:-1","max-image-preview":"max-image-preview:large","max-video-preview":"max-video-preview:-1"},"canonical":"https:\/\/cisamures.sc.gov.br\/index.php\/otacilio-costa\/","og_locale":"pt_BR","og_type":"article","og_title":"Otac\u00edlio Costa - CIS AMURES","og_description":"1 win az pinup pinup mostbit pin up uzbekistan mostbet mostbet mostbet az mostbet mostbet kz mostbet aviator pinup pinco Adicione o texto do seu t\u00edtulo [\u2026]","og_url":"https:\/\/cisamures.sc.gov.br\/index.php\/otacilio-costa\/","og_site_name":"CIS AMURES","article_modified_time":"2025-05-21T17:12:09+00:00","twitter_card":"summary_large_image","twitter_misc":{"Est. tempo de leitura":"3 minutos"},"schema":{"@context":"https:\/\/schema.org","@graph":[{"@type":"WebPage","@id":"https:\/\/cisamures.sc.gov.br\/index.php\/otacilio-costa\/","url":"https:\/\/cisamures.sc.gov.br\/index.php\/otacilio-costa\/","name":"Otac\u00edlio Costa - CIS AMURES","isPartOf":{"@id":"https:\/\/cisamures.sc.gov.br\/#website"},"datePublished":"2024-08-21T11:55:59+00:00","dateModified":"2025-05-21T17:12:09+00:00","breadcrumb":{"@id":"https:\/\/cisamures.sc.gov.br\/index.php\/otacilio-costa\/#breadcrumb"},"inLanguage":"pt-BR","potentialAction":[{"@type":"ReadAction","target":["https:\/\/cisamures.sc.gov.br\/index.php\/otacilio-costa\/"]}]},{"@type":"BreadcrumbList","@id":"https:\/\/cisamures.sc.gov.br\/index.php\/otacilio-costa\/#breadcrumb","itemListElement":[{"@type":"ListItem","position":1,"name":"In\u00edcio","item":"https:\/\/cisamures.sc.gov.br\/"},{"@type":"ListItem","position":2,"name":"Otac\u00edlio Costa"}]},{"@type":"WebSite","@id":"https:\/\/cisamures.sc.gov.br\/#website","url":"https:\/\/cisamures.sc.gov.br\/","name":"CIS AMURES","description":"Cons\u00f3rcio Interfederativo de Sa\u00fade","publisher":{"@id":"https:\/\/cisamures.sc.gov.br\/#organization"},"potentialAction":[{"@type":"SearchAction","target":{"@type":"EntryPoint","urlTemplate":"https:\/\/cisamures.sc.gov.br\/?s={search_term_string}"},"query-input":{"@type":"PropertyValueSpecification","valueRequired":true,"valueName":"search_term_string"}}],"inLanguage":"pt-BR"},{"@type":"Organization","@id":"https:\/\/cisamures.sc.gov.br\/#organization","name":"CIS AMURES","url":"https:\/\/cisamures.sc.gov.br\/","logo":{"@type":"ImageObject","inLanguage":"pt-BR","@id":"https:\/\/cisamures.sc.gov.br\/#\/schema\/logo\/image\/","url":"https:\/\/cisamures.sc.gov.br\/wp-content\/uploads\/2025\/05\/cisamures.png","contentUrl":"https:\/\/cisamures.sc.gov.br\/wp-content\/uploads\/2025\/05\/cisamures.png","width":380,"height":82,"caption":"CIS AMURES"},"image":{"@id":"https:\/\/cisamures.sc.gov.br\/#\/schema\/logo\/image\/"}}]}},"_links":{"self":[{"href":"https:\/\/cisamures.sc.gov.br\/index.php\/wp-json\/wp\/v2\/pages\/2205","targetHints":{"allow":["GET"]}}],"collection":[{"href":"https:\/\/cisamures.sc.gov.br\/index.php\/wp-json\/wp\/v2\/pages"}],"about":[{"href":"https:\/\/cisamures.sc.gov.br\/index.php\/wp-json\/wp\/v2\/types\/page"}],"author":[{"embeddable":true,"href":"https:\/\/cisamures.sc.gov.br\/index.php\/wp-json\/wp\/v2\/users\/4"}],"replies":[{"embeddable":true,"href":"https:\/\/cisamures.sc.gov.br\/index.php\/wp-json\/wp\/v2\/comments?post=2205"}],"version-history":[{"count":10,"href":"https:\/\/cisamures.sc.gov.br\/index.php\/wp-json\/wp\/v2\/pages\/2205\/revisions"}],"predecessor-version":[{"id":2601,"href":"https:\/\/cisamures.sc.gov.br\/index.php\/wp-json\/wp\/v2\/pages\/2205\/revisions\/2601"}],"wp:attachment":[{"href":"https:\/\/cisamures.sc.gov.br\/index.php\/wp-json\/wp\/v2\/media?parent=2205"}],"curies":[{"name":"wp","href":"https:\/\/api.w.org\/{rel}","templated":true}]}}