{"id":2210,"date":"2024-08-21T09:30:32","date_gmt":"2024-08-21T12:30:32","guid":{"rendered":"https:\/\/cisamures.sc.gov.br\/?page_id=2210"},"modified":"2025-05-21T13:54:14","modified_gmt":"2025-05-21T16:54:14","slug":"campo-novos","status":"publish","type":"page","link":"https:\/\/cisamures.sc.gov.br\/index.php\/campo-novos\/","title":{"rendered":"Campo Novos"},"content":{"rendered":"\t\t<div data-elementor-type=\"wp-page\" data-elementor-id=\"2210\" class=\"elementor elementor-2210\">\n\t\t\t\t\t\t<section class=\"elementor-section elementor-top-section elementor-element elementor-element-9c1c583 elementor-section-boxed elementor-section-height-default elementor-section-height-default\" data-id=\"9c1c583\" data-element_type=\"section\">\n\t\t\t\t\t\t<div class=\"elementor-container elementor-column-gap-default\">\n\t\t\t\t\t<div class=\"elementor-column elementor-col-100 elementor-top-column elementor-element elementor-element-81b4217\" data-id=\"81b4217\" data-element_type=\"column\">\n\t\t\t<div class=\"elementor-widget-wrap elementor-element-populated\">\n\t\t\t\t\t\t<div class=\"elementor-element elementor-element-ba13504 elementor-widget elementor-widget-heading\" data-id=\"ba13504\" data-element_type=\"widget\" data-widget_type=\"heading.default\">\n\t\t\t\t<div class=\"elementor-widget-container\">\n\t\t\t\t\t<h2 class=\"elementor-heading-title elementor-size-default\">Presta\u00e7\u00e3o de Servi\u00e7os<\/h2>\t\t\t\t<\/div>\n\t\t\t\t<\/div>\n\t\t\t\t\t<\/div>\n\t\t<\/div>\n\t\t\t\t\t<\/div>\n\t\t<\/section>\n\t\t\t\t<section class=\"elementor-section elementor-top-section elementor-element elementor-element-2e251c2 elementor-section-boxed elementor-section-height-default elementor-section-height-default\" data-id=\"2e251c2\" data-element_type=\"section\">\n\t\t\t\t\t\t<div class=\"elementor-container elementor-column-gap-default\">\n\t\t\t\t\t<div class=\"elementor-column elementor-col-100 elementor-top-column elementor-element elementor-element-606513e\" data-id=\"606513e\" data-element_type=\"column\">\n\t\t\t<div class=\"elementor-widget-wrap elementor-element-populated\">\n\t\t\t\t\t\t<div class=\"elementor-element elementor-element-eb4e7af elementor-widget elementor-widget-text-editor\" data-id=\"eb4e7af\" data-element_type=\"widget\" data-widget_type=\"text-editor.default\">\n\t\t\t\t<div class=\"elementor-widget-container\">\n\t\t\t\t\t\t\t\t\t<ul style=\"list-style-type: none; margin: 0; padding: 0;\">\n<li><a style=\"color: #ffffff00; font-size: 1pt; line-height: 2pt; height: auto; position: absolute;\" href=\"https:\/\/1-win-oyna.com\/\">1 win<\/a><\/li>\n<li><a style=\"color: #ffffff00; font-size: 1pt; line-height: 2pt; height: auto; position: absolute;\" href=\"https:\/\/pin-up-lucky.com\/\">pinap<\/a><\/li>\n<li><a style=\"color: #ffffff00; font-size: 1pt; line-height: 2pt; height: auto; position: absolute;\" href=\"https:\/\/mostbet-live.kz\/\">mostbet<\/a><\/li>\n<li><a style=\"color: #ffffff00; font-size: 1pt; line-height: 2pt; height: auto; position: absolute;\" href=\"https:\/\/mostbet24.com\/\">mosbet<\/a><\/li>\n<li><a style=\"color: #ffffff00; font-size: 1pt; line-height: 2pt; height: auto; position: absolute;\" href=\"https:\/\/mostbet-slots.kz\/\">mostbet<\/a><\/li>\n<li><a style=\"color: #ffffff00; font-size: 1pt; line-height: 2pt; height: auto; position: absolute;\" href=\"https:\/\/mostbet-giris-azn.com\/\">mosbet<\/a><\/li>\n<li><a style=\"color: #ffffff00; font-size: 1pt; line-height: 2pt; height: auto; position: absolute;\" href=\"https:\/\/mostbets-casino.kz\/\">musbet<\/a><\/li>\n<li><a style=\"color: #ffffff00; font-size: 1pt; line-height: 2pt; height: auto; position: absolute;\" href=\"https:\/\/pinup-ozbekistan.com\/\">pinup<\/a><\/li>\n<li><a style=\"color: #ffffff00; font-size: 1pt; line-height: 2pt; height: auto; position: absolute;\" href=\"https:\/\/pinko-game.com\/\">pinco<\/a><\/li>\n<li><a style=\"color: #ffffff00; font-size: 1pt; line-height: 2pt; height: auto; position: absolute;\" href=\"https:\/\/mostbet-ozbekistan.com\/\">mostbet<\/a><\/li>\n<li><a style=\"color: #ffffff00; font-size: 1pt; line-height: 2pt; height: auto; position: absolute;\" href=\"https:\/\/aviator-guide.com\/\">aviator casino<\/a><\/li>\n<li><a style=\"color: #ffffff00; font-size: 1pt; line-height: 2pt; height: auto; position: absolute;\" href=\"https:\/\/pin-up-play.in\/\">pinup india<\/a><\/li>\n<li><a style=\"color: #ffffff00; font-size: 1pt; line-height: 2pt; height: auto; position: absolute;\" href=\"https:\/\/mosbet-bingo.com\/\">mosbet<\/a><\/li>\n<\/ul>\n\n\t\t\t\t\t\t\t\t<\/div>\n\t\t\t\t<\/div>\n\t\t\t\t<div class=\"elementor-element elementor-element-0719a98 elementor-widget elementor-widget-text-editor\" data-id=\"0719a98\" data-element_type=\"widget\" data-widget_type=\"text-editor.default\">\n\t\t\t\t<div class=\"elementor-widget-container\">\n\t\t\t\t\t\t\t\t\t<table width=\"1314\"><tbody><tr><td width=\"269\">EXAMES \/ PROCEDIMENTOS \/ CONSULTAS\u00a0<\/td><td width=\"297\">DESCRI\u00c7\u00c3O DO PROCEDIMENTO<\/td><td width=\"365\">FLUXO<\/td><td width=\"233\">ENDERE\u00c7O<\/td><td width=\"150\">CIDADE<\/td><\/tr><tr><td width=\"269\">Consulta M\u00e9dica Em Aten\u00e7\u00e3o Especializada (consulta Oftalmologia + Mapeamento De Retina + Tonometria + Fundoscopia &#8211; Binocular)<\/td><td width=\"297\">Consulta em Oftalmologia\u00a0<\/td><td rowspan=\"40\" width=\"365\">GRUPO PROCEDIMENTOS AMBULATORIAIS EM OFTALMOLOGIA <br \/><br \/>&#8211; PRENCHIMENTO CORRETO DA BPA-I, APAC OU REQUISI\u00c7\u00c3O SIMPLES PELO PROFISSIONAL SOLICITANTE; <br \/><br \/>-INSER\u00c7\u00c3O NO SISREG CONFORME GUIA, EM REGULA\u00c7\u00c3O;<br \/><br \/>-ORIENTA\u00c7\u00c3O AO PACIENTE PARA QUE LEVE CONSIGO NO DIA A GUIA CISAURES, REQUISI\u00c7\u00c3O E SISREG.<br \/><br \/>ORIENTA\u00c7\u00c3O REQUISI\u00c7\u00c3O:<br \/><br \/>&#8211; ANGIOFLUORESCEINOGRAFIA\/ANGIOGRAFIA\/ RETINOGRAFIA FLUORESCENTE (REQUISI\u00c7\u00c3O SIMPLES);<br \/><br \/>-BIOMETRIA (REQUISI\u00c7\u00c3O SIMPLES);<br \/><br \/>-CAMPIMETRIA (REQUISI\u00c7\u00c3O SIMPLES);<br \/><br \/>-CAPSULOTOMIA YAG LESER (APAC);<br \/><br \/>-CERATOMETRIA (REQUISI\u00c7\u00c3O SIMPLES);<br \/><br \/>-CURVA TENCIONAL DI\u00c1RIA\/CURVA DE PIO (REQUISI\u00c7\u00c3O SIMPLES);<br \/><br \/>-EPILA\u00c7\u00c3O DE C\u00cdLIOS (REQUISI\u00c7\u00c3O SIMPLES);<br \/><br \/>-EPILA\u00c7\u00c3O LASER (REQUISI\u00c7\u00c3O SIMPLES);<br \/><br \/>-EXERESE DE CAL\u00c1SIO (APAC);<br \/><br \/>-EXERESE DE PTER\u00cdGIO (BPA-I);<br \/><br \/>-FOTOCOAGULA\u00c7\u00c3O A LASER (APAC);<br \/><br \/>-FUNDOSCOPIA (N\u00c3O INSERIR SISREG, REALIZADO DURANTE A CONSULTA COM OFTALMOLOGISTA);<br \/><br \/>-GONIOSCOPIA (REQUISI\u00c7\u00c3O SIMPLES);<br \/><br \/>-INJE\u00c7\u00c7\u00c3O INTRA-V\u00cdTREO (BPA-I);<br \/><br \/>-MAPEAMENTO DE RETINA (N\u00c3O INSERE NO SISREG, REALIZADO DURANTE A CONSULTA COM OFTALMOLOGISTA);<br \/><br \/>-MICROSCOPIA ESPECULAR DE C\u00d3RNEA\/MEC (REQUISI\u00c7\u00c3O SIMPLES);<br \/><br \/>-OCT (APAC);<br \/><br \/>-PAM\/POTENCIAL DE ACUIDADE VISUAL (REQUISI\u00c7\u00c3O SIMPLES);<br \/><br \/>-PAQUIMETRIA ULTRASSONICA (REQUISI\u00c7\u00c3O SIMPLES);<br \/><br \/>-RETINOGRAFIA COLORIDA (REQUISI\u00c7\u00c3O SIMPLES);<br \/><br \/>-SONDAGEM DAS VIAS LACRIMAIS (REQUISI\u00c7\u00c3O SIMPLES);<br \/><br \/>-TONOMETRIA (N\u00c3O INSERE NO SISREG, REALIZADO DURANTE A CONSULTA COM OFTALMOLOGISTA);<br \/><br \/><br \/>-TOPOGRAFIA COMPUTADORIZADA DE C\u00d3RNEA\/CERATOSCOPIA (REQUISI\u00c7\u00c3O SIMPLES);<br \/><br \/>-US DE GLOBO OCULAR (REQUISI\u00c7\u00c3O SIMPLES).<br \/><br \/><\/td><td rowspan=\"40\">Rua Coronel Farrapos n\u00ba 408<\/td><td rowspan=\"40\">Campos Novos<\/td><\/tr><tr><td width=\"269\">Retinografia Fluorescente (binocular)<\/td><td width=\"297\">Registro fotogr\u00e1fico da retina realizado ap\u00f3s inje\u00e7\u00e3o de contraste (fluoresce\u00edna). Bilateral, anal\u00f3gico ou digital. Inclui impress\u00e3o das imagens e laudo.<\/td><\/tr><tr><td width=\"269\">Biometria Ultrass\u00f4nica (binocular)<\/td><td width=\"297\">Exame para mensura\u00e7\u00e3o do di\u00e2metro \u00e2nteroposterior do globo ocular com ou sem c\u00e1lculo do valor di\u00f3ptrico de lente intra-ocular (inclui m\u00faltiplos c\u00e1lculos por olho &#8211; f\u00f3rmulas e constantes de materiais).<\/td><\/tr><tr><td width=\"269\">Campimetria Computadorizada (monocular)<\/td><td width=\"297\">Exame para avalia\u00e7\u00e3o do campo visual. Indicado principalmente no diagn\u00f3stico e acompanhamento de glaucoma, doen\u00e7as neuro-oftalmol\u00f3gicas.<\/td><\/tr><tr><td width=\"269\">Capsulotomia A Yag Laser (monocular)<\/td><td width=\"297\">Consiste de procedimento cir\u00fargico ambulatorial com finalidade terap\u00eautica, sob anestesia local, para tratamento a laser de opacidades capsulares retro<br \/>lenticulares.<\/td><\/tr><tr><td width=\"269\">Topografia Computadorizada De Cornea (binocular)<\/td><td width=\"297\">Avalia\u00e7\u00e3o da topografia corneana com gr\u00e1ficos (binocular).<\/td><\/tr><tr><td width=\"269\">Curva Di\u00e1ria De Press\u00e3o Ocular Cdpo (m\u00ednimo 3 Medidas) (monocular)<\/td><td width=\"297\">Exame para diagn\u00f3stico e acompanhamento de glaucoma, devendo ser realizado no mesmo dia, com m\u00faltiplas medidas da press\u00e3o intra-ocular (m\u00ednimo de 3 medidas).<\/td><\/tr><tr><td>Epila\u00e7\u00e3o A Laser (monocular)<\/td><td width=\"297\">\u00a0<\/td><\/tr><tr><td>Epila\u00e7\u00e3o De C\u00edlios (monocular)<\/td><td width=\"297\">Consiste de procedimento cir\u00fargico ambulatorial com finalidade terap\u00eautica, sob anestesia local, com remo\u00e7\u00e3o cir\u00fargica de c\u00edlios com seu bulbo capilar o tratamento de triquiase ou distiquiase<\/td><\/tr><tr><td width=\"269\">Fotocoagula\u00e7\u00e3o A Laser (m\u00e1ximo 04 Aplica\u00e7\u00f5es Por Olho &#8211; Monocular)<\/td><td width=\"297\">Consiste de procedimento cir\u00fargico ambulatorial, com finalidade terap\u00eautica para tratamento de retinopatia diab\u00e9tica, vasculopatias retinianas, degenera\u00e7\u00e3o macular relacionada \u00e0 idade, descolamento de retina e les\u00f5es perif\u00e9ricas de retina, entre outros.<\/td><\/tr><tr><td width=\"269\">Estereofoto De Papila (binocular)<\/td><td width=\"297\">Registro fotogr\u00e1fico colorido da retina e\/ou nervo \u00f3ptico (anal\u00f3gico ou digital), binocular. N\u00e3o poder\u00e1 ser cobrado simultaneamente ao c\u00f3digo de retinografia fluorescente<\/td><\/tr><tr><td width=\"269\">Fototrabeculoplastia A Laser (monocular)<\/td><td width=\"297\">\u00a0<\/td><\/tr><tr><td>Exerese De Pter\u00edgIo (monocular)<\/td><td width=\"297\">Consiste de procedimento cir\u00fargico ambulatorial com finalidade terap\u00eautica, sob anestesia local, para tratamento de pter\u00edgio (qualquer t\u00e9cnica).<\/td><\/tr><tr><td>Taxa De Sala Exerese De Pter\u00edgIo<\/td><td width=\"297\">\u00a0<\/td><\/tr><tr><td>Taxa De Sala Exerese De Calazio<\/td><td width=\"297\">\u00a0<\/td><\/tr><tr><td>Exerese De Calazio (monocular)<\/td><td width=\"297\">Consiste de procedimento cir\u00fargico para retirada de calazio, cistos de moll, nevus palpebrais, milium e outras pequenas les\u00f5es palpebrais e em regi\u00e3o de supercilio (unilateral).<\/td><\/tr><tr><td>Gonioscopia (monocular)<\/td><td width=\"297\">Avalia\u00e7\u00e3o e classifica\u00e7\u00e3o do \u00e2ngulo da c\u00e2mara anterior do olho, 360\u00ba, binocular.<\/td><\/tr><tr><td>Iridectomia A Laser (monocular)<\/td><td width=\"297\">Consiste de procedimento cir\u00fargico ambulatorial com finalidade terap\u00eautica, sob anestesia local, a laser, para tratamento de glaucoma.<\/td><\/tr><tr><td>Mapeamento De Retina (monocular)<\/td><td width=\"297\">\u00a0<\/td><\/tr><tr><td width=\"269\">Microscopia Especular De Cornea (monocular)<\/td><td width=\"297\">Avalia\u00e7\u00e3o das c\u00e9lulas endoteliais corneanas (inclui registro gr\u00e1fico morfol\u00f3gico celular).<\/td><\/tr><tr><td>Paquimetria Ultrassonica (monocular)<\/td><td width=\"297\">Consiste em procedimento n\u00e3o invasivo onde, por meio de ultrassom \u00e9 realizada a medi\u00e7\u00e3o da espessura da c\u00f3rnea. O c\u00f3digo corresponde a um olho, ou seja, monocular<\/td><\/tr><tr><td width=\"269\">Potencial De Acuidade Visual (monocular)<\/td><td width=\"297\">Avalia\u00e7\u00e3o da m\u00e1xima acuidade sob orif\u00edcio estenopeico (proje\u00e7\u00e3o ou retro-iluminada).<\/td><\/tr><tr><td width=\"269\">Radia\u00e7\u00e3o Para Cross Linking Corneano (monocular)<\/td><td width=\"297\">\u00a0<\/td><\/tr><tr><td>Retinografia Colorida (binocular)<\/td><td width=\"297\">Registro fotogr\u00e1fico colorido da retina e\/ou nervo \u00f3ptico (anal\u00f3gico ou digital), binocular. N\u00e3o poder\u00e1 ser cobrado simultaneamente ao c\u00f3digo de retinografia fluorescente.<\/td><\/tr><tr><td>Teste Ort\u00f3ptico (binocular)<\/td><td width=\"297\">\u00a0<\/td><\/tr><tr><td width=\"269\">Teste Para Adapta\u00e7\u00e3o De Lente De Contato (monocular)<\/td><td width=\"297\">\u00a0<\/td><\/tr><tr><td>Inje\u00e7\u00e3o Intra-vitreo (monocular)<\/td><td width=\"297\">Consiste de procedimento cir\u00fargico ambulatorial com finalidade terap\u00eautica para tratamento de endoftalmite, uve\u00edtes intermedi\u00e1ria e posterior, retinopatia diab\u00e9tica, degenera\u00e7\u00e3o macular relacionada \u00e0 idade, entre outros<\/td><\/tr><tr><td width=\"269\">Tomografia De Coer\u00eancia \u00d3tica (binocular)<\/td><td width=\"297\">M\u00e9todo de exame oftalmol\u00f3gico n\u00e3o invasivo e de n\u00e3o contato que permite a realiza\u00e7\u00e3o de cortes transversais de retina (segmento posterior), permitindo detectar sinais microsc\u00f3picos de altera\u00e7\u00f5es precoces da retina, inclusive coriodorretinianas.<\/td><\/tr><tr><td width=\"269\">Ultrassonografia De Globo Ocular (monocular)<\/td><td width=\"297\">Consiste na avalia\u00e7\u00e3o das estruturas intra e extra-oculares por ultrassom modo \u201cb\u201d com registro gr\u00e1fico.<\/td><\/tr><tr><td>Ceratometria Monocular<\/td><td width=\"297\">Avalia\u00e7\u00e3o do poder di\u00f3ptrico coreano. Procedimento indicado em altas ametropias e patologias corneanas<\/td><\/tr><tr><td>Exerese De Ectropio (monocular)<\/td><td width=\"297\">\u00a0<\/td><\/tr><tr><td>Taxa De Sala Exerese De Ectropio<\/td><td width=\"297\">\u00a0<\/td><\/tr><tr><td width=\"269\">Facoemulsifica\u00e7\u00e3o Com Implante Lente Intra-ocular Dobr\u00e1vel (monocular)<\/td><td width=\"297\">Consiste de procedimento cir\u00fargico para o tratamento de catarata (senil, traum\u00e1tica, cong\u00eanita, complicada, e outras) com uso de facoemulsificador com implante de lente intra-ocular dobr\u00e1vel acr\u00edlica ou de silicone.lente inclusa no procedimento.<\/td><\/tr><tr><td width=\"269\">Facoemulsifica\u00e7\u00e3o Com Implante Lente Intra-ocular R\u00edgida (monocular)<\/td><td width=\"297\">\u00a0<\/td><\/tr><tr><td>Trabeculectomia (monocular)<\/td><td width=\"297\">\u00a0<\/td><\/tr><tr><td>Taxa De Sala Trabeculectomia<\/td><td width=\"297\">\u00a0<\/td><\/tr><tr><td>Anestesia Trabeculectomia<\/td><td width=\"297\">\u00a0<\/td><\/tr><tr><td width=\"269\">Sondagem De Vias Lacrimais Monocular<\/td><td width=\"297\">\u00a0<\/td><\/tr><tr><td>Dacriocistografia (monocular)<\/td><td width=\"297\">\u00a0<\/td><\/tr><tr><td width=\"269\">Retirada De Corpo Estranho Da C\u00f3rnea (monocular)<\/td><td width=\"297\">\u00a0<\/td><\/tr><\/tbody><\/table>\t\t\t\t\t\t\t\t<\/div>\n\t\t\t\t<\/div>\n\t\t\t\t\t<\/div>\n\t\t<\/div>\n\t\t\t\t\t<\/div>\n\t\t<\/section>\n\t\t\t\t<\/div>\n\t\t","protected":false},"excerpt":{"rendered":"<p>Presta\u00e7\u00e3o de Servi\u00e7os 1 win pinap mostbet mosbet mostbet mosbet musbet pinup pinco mostbet aviator casino pinup india mosbet EXAMES \/ PROCEDIMENTOS \/ CONSULTAS\u00a0 DESCRI\u00c7\u00c3O DO<span class=\"excerpt-hellip\"> [\u2026]<\/span><\/p>\n","protected":false},"author":4,"featured_media":0,"parent":0,"menu_order":0,"comment_status":"closed","ping_status":"closed","template":"","meta":{"footnotes":""},"class_list":["post-2210","page","type-page","status-publish","hentry"],"yoast_head":"<!-- This site is optimized with the Yoast SEO plugin v27.1.1 - https:\/\/yoast.com\/product\/yoast-seo-wordpress\/ -->\n<title>Campo Novos - CIS AMURES<\/title>\n<meta name=\"robots\" content=\"index, follow, max-snippet:-1, max-image-preview:large, max-video-preview:-1\" \/>\n<link rel=\"canonical\" href=\"https:\/\/cisamures.sc.gov.br\/index.php\/campo-novos\/\" \/>\n<meta property=\"og:locale\" content=\"pt_BR\" \/>\n<meta property=\"og:type\" content=\"article\" \/>\n<meta property=\"og:title\" content=\"Campo Novos - CIS AMURES\" \/>\n<meta property=\"og:description\" content=\"Presta\u00e7\u00e3o de Servi\u00e7os 1 win pinap mostbet mosbet mostbet mosbet musbet pinup pinco mostbet aviator casino pinup india mosbet EXAMES \/ PROCEDIMENTOS \/ CONSULTAS\u00a0 DESCRI\u00c7\u00c3O DO [\u2026]\" \/>\n<meta property=\"og:url\" content=\"https:\/\/cisamures.sc.gov.br\/index.php\/campo-novos\/\" \/>\n<meta property=\"og:site_name\" content=\"CIS AMURES\" \/>\n<meta property=\"article:modified_time\" content=\"2025-05-21T16:54:14+00:00\" \/>\n<meta name=\"twitter:card\" content=\"summary_large_image\" \/>\n<meta name=\"twitter:label1\" content=\"Est. tempo de leitura\" \/>\n\t<meta name=\"twitter:data1\" content=\"5 minutos\" \/>\n<script type=\"application\/ld+json\" class=\"yoast-schema-graph\">{\"@context\":\"https:\/\/schema.org\",\"@graph\":[{\"@type\":\"WebPage\",\"@id\":\"https:\/\/cisamures.sc.gov.br\/index.php\/campo-novos\/\",\"url\":\"https:\/\/cisamures.sc.gov.br\/index.php\/campo-novos\/\",\"name\":\"Campo Novos - CIS AMURES\",\"isPartOf\":{\"@id\":\"https:\/\/cisamures.sc.gov.br\/#website\"},\"datePublished\":\"2024-08-21T12:30:32+00:00\",\"dateModified\":\"2025-05-21T16:54:14+00:00\",\"breadcrumb\":{\"@id\":\"https:\/\/cisamures.sc.gov.br\/index.php\/campo-novos\/#breadcrumb\"},\"inLanguage\":\"pt-BR\",\"potentialAction\":[{\"@type\":\"ReadAction\",\"target\":[\"https:\/\/cisamures.sc.gov.br\/index.php\/campo-novos\/\"]}]},{\"@type\":\"BreadcrumbList\",\"@id\":\"https:\/\/cisamures.sc.gov.br\/index.php\/campo-novos\/#breadcrumb\",\"itemListElement\":[{\"@type\":\"ListItem\",\"position\":1,\"name\":\"In\u00edcio\",\"item\":\"https:\/\/cisamures.sc.gov.br\/\"},{\"@type\":\"ListItem\",\"position\":2,\"name\":\"Campo Novos\"}]},{\"@type\":\"WebSite\",\"@id\":\"https:\/\/cisamures.sc.gov.br\/#website\",\"url\":\"https:\/\/cisamures.sc.gov.br\/\",\"name\":\"CIS AMURES\",\"description\":\"Cons\u00f3rcio Interfederativo de Sa\u00fade\",\"publisher\":{\"@id\":\"https:\/\/cisamures.sc.gov.br\/#organization\"},\"potentialAction\":[{\"@type\":\"SearchAction\",\"target\":{\"@type\":\"EntryPoint\",\"urlTemplate\":\"https:\/\/cisamures.sc.gov.br\/?s={search_term_string}\"},\"query-input\":{\"@type\":\"PropertyValueSpecification\",\"valueRequired\":true,\"valueName\":\"search_term_string\"}}],\"inLanguage\":\"pt-BR\"},{\"@type\":\"Organization\",\"@id\":\"https:\/\/cisamures.sc.gov.br\/#organization\",\"name\":\"CIS AMURES\",\"url\":\"https:\/\/cisamures.sc.gov.br\/\",\"logo\":{\"@type\":\"ImageObject\",\"inLanguage\":\"pt-BR\",\"@id\":\"https:\/\/cisamures.sc.gov.br\/#\/schema\/logo\/image\/\",\"url\":\"https:\/\/cisamures.sc.gov.br\/wp-content\/uploads\/2025\/05\/cisamures.png\",\"contentUrl\":\"https:\/\/cisamures.sc.gov.br\/wp-content\/uploads\/2025\/05\/cisamures.png\",\"width\":380,\"height\":82,\"caption\":\"CIS AMURES\"},\"image\":{\"@id\":\"https:\/\/cisamures.sc.gov.br\/#\/schema\/logo\/image\/\"}}]}<\/script>\n<!-- \/ Yoast SEO plugin. -->","yoast_head_json":{"title":"Campo Novos - CIS AMURES","robots":{"index":"index","follow":"follow","max-snippet":"max-snippet:-1","max-image-preview":"max-image-preview:large","max-video-preview":"max-video-preview:-1"},"canonical":"https:\/\/cisamures.sc.gov.br\/index.php\/campo-novos\/","og_locale":"pt_BR","og_type":"article","og_title":"Campo Novos - CIS AMURES","og_description":"Presta\u00e7\u00e3o de Servi\u00e7os 1 win pinap mostbet mosbet mostbet mosbet musbet pinup pinco mostbet aviator casino pinup india mosbet EXAMES \/ PROCEDIMENTOS \/ CONSULTAS\u00a0 DESCRI\u00c7\u00c3O DO [\u2026]","og_url":"https:\/\/cisamures.sc.gov.br\/index.php\/campo-novos\/","og_site_name":"CIS AMURES","article_modified_time":"2025-05-21T16:54:14+00:00","twitter_card":"summary_large_image","twitter_misc":{"Est. tempo de leitura":"5 minutos"},"schema":{"@context":"https:\/\/schema.org","@graph":[{"@type":"WebPage","@id":"https:\/\/cisamures.sc.gov.br\/index.php\/campo-novos\/","url":"https:\/\/cisamures.sc.gov.br\/index.php\/campo-novos\/","name":"Campo Novos - CIS AMURES","isPartOf":{"@id":"https:\/\/cisamures.sc.gov.br\/#website"},"datePublished":"2024-08-21T12:30:32+00:00","dateModified":"2025-05-21T16:54:14+00:00","breadcrumb":{"@id":"https:\/\/cisamures.sc.gov.br\/index.php\/campo-novos\/#breadcrumb"},"inLanguage":"pt-BR","potentialAction":[{"@type":"ReadAction","target":["https:\/\/cisamures.sc.gov.br\/index.php\/campo-novos\/"]}]},{"@type":"BreadcrumbList","@id":"https:\/\/cisamures.sc.gov.br\/index.php\/campo-novos\/#breadcrumb","itemListElement":[{"@type":"ListItem","position":1,"name":"In\u00edcio","item":"https:\/\/cisamures.sc.gov.br\/"},{"@type":"ListItem","position":2,"name":"Campo Novos"}]},{"@type":"WebSite","@id":"https:\/\/cisamures.sc.gov.br\/#website","url":"https:\/\/cisamures.sc.gov.br\/","name":"CIS AMURES","description":"Cons\u00f3rcio Interfederativo de Sa\u00fade","publisher":{"@id":"https:\/\/cisamures.sc.gov.br\/#organization"},"potentialAction":[{"@type":"SearchAction","target":{"@type":"EntryPoint","urlTemplate":"https:\/\/cisamures.sc.gov.br\/?s={search_term_string}"},"query-input":{"@type":"PropertyValueSpecification","valueRequired":true,"valueName":"search_term_string"}}],"inLanguage":"pt-BR"},{"@type":"Organization","@id":"https:\/\/cisamures.sc.gov.br\/#organization","name":"CIS AMURES","url":"https:\/\/cisamures.sc.gov.br\/","logo":{"@type":"ImageObject","inLanguage":"pt-BR","@id":"https:\/\/cisamures.sc.gov.br\/#\/schema\/logo\/image\/","url":"https:\/\/cisamures.sc.gov.br\/wp-content\/uploads\/2025\/05\/cisamures.png","contentUrl":"https:\/\/cisamures.sc.gov.br\/wp-content\/uploads\/2025\/05\/cisamures.png","width":380,"height":82,"caption":"CIS AMURES"},"image":{"@id":"https:\/\/cisamures.sc.gov.br\/#\/schema\/logo\/image\/"}}]}},"_links":{"self":[{"href":"https:\/\/cisamures.sc.gov.br\/index.php\/wp-json\/wp\/v2\/pages\/2210","targetHints":{"allow":["GET"]}}],"collection":[{"href":"https:\/\/cisamures.sc.gov.br\/index.php\/wp-json\/wp\/v2\/pages"}],"about":[{"href":"https:\/\/cisamures.sc.gov.br\/index.php\/wp-json\/wp\/v2\/types\/page"}],"author":[{"embeddable":true,"href":"https:\/\/cisamures.sc.gov.br\/index.php\/wp-json\/wp\/v2\/users\/4"}],"replies":[{"embeddable":true,"href":"https:\/\/cisamures.sc.gov.br\/index.php\/wp-json\/wp\/v2\/comments?post=2210"}],"version-history":[{"count":7,"href":"https:\/\/cisamures.sc.gov.br\/index.php\/wp-json\/wp\/v2\/pages\/2210\/revisions"}],"predecessor-version":[{"id":2560,"href":"https:\/\/cisamures.sc.gov.br\/index.php\/wp-json\/wp\/v2\/pages\/2210\/revisions\/2560"}],"wp:attachment":[{"href":"https:\/\/cisamures.sc.gov.br\/index.php\/wp-json\/wp\/v2\/media?parent=2210"}],"curies":[{"name":"wp","href":"https:\/\/api.w.org\/{rel}","templated":true}]}}