{"id":2617,"date":"2025-05-21T23:54:44","date_gmt":"2025-05-22T02:54:44","guid":{"rendered":"https:\/\/cisamures.sc.gov.br\/?page_id=2617"},"modified":"2025-08-06T09:49:25","modified_gmt":"2025-08-06T12:49:25","slug":"credenciamentos","status":"publish","type":"page","link":"https:\/\/cisamures.sc.gov.br\/index.php\/credenciamentos\/","title":{"rendered":"Credenciamento"},"content":{"rendered":"\t\t<div data-elementor-type=\"wp-page\" data-elementor-id=\"2617\" class=\"elementor elementor-2617\">\n\t\t\t\t\t\t<section class=\"elementor-section elementor-top-section elementor-element elementor-element-e5c4874 elementor-section-boxed elementor-section-height-default elementor-section-height-default\" data-id=\"e5c4874\" data-element_type=\"section\">\n\t\t\t\t\t\t<div class=\"elementor-container elementor-column-gap-default\">\n\t\t\t\t\t<div class=\"elementor-column elementor-col-100 elementor-top-column elementor-element elementor-element-3013852\" data-id=\"3013852\" data-element_type=\"column\">\n\t\t\t<div class=\"elementor-widget-wrap elementor-element-populated\">\n\t\t\t\t\t\t<div class=\"elementor-element elementor-element-47eec63 elementor-widget elementor-widget-image\" data-id=\"47eec63\" data-element_type=\"widget\" data-widget_type=\"image.default\">\n\t\t\t\t<div class=\"elementor-widget-container\">\n\t\t\t\t\t\t\t\t\t\t\t\t\t\t\t\t<a href=\"https:\/\/cisamures.nuvemsitcon.com.br\/cisamures\/frm_login.php\">\n\t\t\t\t\t\t\t<img fetchpriority=\"high\" decoding=\"async\" width=\"1024\" height=\"171\" src=\"https:\/\/cisamures.sc.gov.br\/wp-content\/uploads\/2025\/08\/PROCESSO-SELETIVO-2-1024x171.png\" class=\"attachment-large size-large wp-image-2720\" alt=\"\" srcset=\"https:\/\/cisamures.sc.gov.br\/wp-content\/uploads\/2025\/08\/PROCESSO-SELETIVO-2-1024x171.png 1024w, https:\/\/cisamures.sc.gov.br\/wp-content\/uploads\/2025\/08\/PROCESSO-SELETIVO-2-300x50.png 300w, https:\/\/cisamures.sc.gov.br\/wp-content\/uploads\/2025\/08\/PROCESSO-SELETIVO-2-768x128.png 768w, https:\/\/cisamures.sc.gov.br\/wp-content\/uploads\/2025\/08\/PROCESSO-SELETIVO-2-260x43.png 260w, https:\/\/cisamures.sc.gov.br\/wp-content\/uploads\/2025\/08\/PROCESSO-SELETIVO-2-50x8.png 50w, https:\/\/cisamures.sc.gov.br\/wp-content\/uploads\/2025\/08\/PROCESSO-SELETIVO-2-150x25.png 150w, https:\/\/cisamures.sc.gov.br\/wp-content\/uploads\/2025\/08\/PROCESSO-SELETIVO-2.png 1200w\" sizes=\"(max-width: 1024px) 100vw, 1024px\" \/>\t\t\t\t\t\t\t\t<\/a>\n\t\t\t\t\t\t\t\t\t\t\t\t\t\t\t<\/div>\n\t\t\t\t<\/div>\n\t\t\t\t\t<\/div>\n\t\t<\/div>\n\t\t\t\t\t<\/div>\n\t\t<\/section>\n\t\t\t\t<section class=\"elementor-section elementor-top-section elementor-element elementor-element-3134808 elementor-section-boxed elementor-section-height-default elementor-section-height-default\" data-id=\"3134808\" data-element_type=\"section\">\n\t\t\t\t\t\t<div class=\"elementor-container elementor-column-gap-default\">\n\t\t\t\t\t<div class=\"elementor-column elementor-col-100 elementor-top-column elementor-element elementor-element-3b71b3a\" data-id=\"3b71b3a\" data-element_type=\"column\">\n\t\t\t<div class=\"elementor-widget-wrap elementor-element-populated\">\n\t\t\t\t\t\t\t<\/div>\n\t\t<\/div>\n\t\t\t\t\t<\/div>\n\t\t<\/section>\n\t\t\t\t<section class=\"elementor-section elementor-top-section elementor-element elementor-element-406ad40 elementor-section-boxed elementor-section-height-default elementor-section-height-default\" data-id=\"406ad40\" data-element_type=\"section\">\n\t\t\t\t\t\t<div class=\"elementor-container elementor-column-gap-default\">\n\t\t\t\t\t<div class=\"elementor-column elementor-col-100 elementor-top-column elementor-element elementor-element-80cedfc\" data-id=\"80cedfc\" data-element_type=\"column\">\n\t\t\t<div class=\"elementor-widget-wrap elementor-element-populated\">\n\t\t\t\t\t\t<div class=\"elementor-element elementor-element-fe39e94 elementor-widget elementor-widget-shortcode\" data-id=\"fe39e94\" data-element_type=\"widget\" data-widget_type=\"shortcode.default\">\n\t\t\t\t<div class=\"elementor-widget-container\">\n\t\t\t\t\t\t\t<div class=\"elementor-shortcode\">\n<table id=\"tablepress-38\" class=\"tablepress tablepress-id-38\">\n<thead>\n<tr class=\"row-1\">\n\t<th class=\"column-1\">Processo<\/th><th class=\"column-2\">Ano<\/th><th class=\"column-3\">Objeto<\/th><th class=\"column-4\">Docs.Relacionados<\/th>\n<\/tr>\n<\/thead>\n<tbody class=\"row-striping row-hover\">\n<tr class=\"row-2\">\n\t<td class=\"column-1\">1851<\/td><td class=\"column-2\">2026<\/td><td class=\"column-3\"> O presente edital tem por objeto o credenciamento de pessoas jur\u00eddicas especializadas <br \/>\nna presta\u00e7\u00e3o de servi\u00e7os m\u00e9dicos, visando \u00e0 atua\u00e7\u00e3o presencial nos munic\u00edpios <br \/>\nconsorciados ao CISAMURES, no \u00e2mbito do Sistema \u00danico de Sa\u00fade (SUS), contemplando <br \/>\nas seguintes modalidades: <br \/>\nI \u2013 M\u00e9dico regulador, com atua\u00e7\u00e3o na regula\u00e7\u00e3o de atendimentos, organiza\u00e7\u00e3o de <br \/>\nfluxos assistenciais e defini\u00e7\u00e3o de prazos, com remunera\u00e7\u00e3o por hora trabalhada; <br \/>\nII \u2013 M\u00e9dico cl\u00ednico geral, com atua\u00e7\u00e3o nas Unidades B\u00e1sicas de Sa\u00fade (UBS), com <br \/>\nremunera\u00e7\u00e3o por produ\u00e7\u00e3o, conforme demanda efetivamente executad<\/td><td class=\"column-4\"><a href=\"https:\/\/cisamures.sc.gov.br\/wp-content\/uploads\/2026\/04\/EDITAL_DE_CREDENCIAMENTO_01_2026_Medico_Regulador_e_Clinico_Geral_UBS.pdf\">Edital de Credenciamento 01\/2026 - EXCLUSIVO M\u00c9DICO REGULADOR e M\u00c9DICO CLINICO GERAL<\/a><br \/>\n<\/td>\n<\/tr>\n<tr class=\"row-3\">\n\t<td class=\"column-1\">3731<\/td><td class=\"column-2\">2025<\/td><td class=\"column-3\">O presente tem por objeto o credenciamento de empresas especializadas para presta\u00e7\u00e3o de servi\u00e7os de sa\u00fade complementar, com disponibiliza\u00e7\u00e3o de plataforma pela credenciada, sendo: teleconsultas m\u00e9dicas especializadas; teleconsulta de profissionais de n\u00edvel superior; conforme condi\u00e7\u00f5es, quantidades e exig\u00eancias estabelecidas no edital e seus anexos.<\/td><td class=\"column-4\"><a href=\"https:\/\/cisamures.sc.gov.br\/wp-content\/uploads\/2025\/08\/EDITAL-DE-CREDENCIAMENTO-042025-TELEATENDIMENTO_compressed.pdf\">Edital de Credenciamento 04\/2025 - EXCLUSIVO TELEATENDIMENTO<\/a><br \/>\n<br \/>\n<a href=\"https:\/\/cisamures.sc.gov.br\/wp-content\/uploads\/2025\/09\/1756925710_emissao_e3c1cf64bf5d916e33fd7c4d_proc.administrativo183.7312025_assinado_versaoimpressao_extrato.pdf\">01 Altera\u00e7\u00e3o Edital de Credenciamento 04\/2025 - EXCLUSIVO TELEATENDIMENTO<\/a><br \/>\n<br \/>\n<\/td>\n<\/tr>\n<tr class=\"row-4\">\n\t<td class=\"column-1\">2052<\/td><td class=\"column-2\">2025<\/td><td class=\"column-3\">O presente tem por objeto o credenciamento de pessoas jur\u00eddicas na \u00e1rea m\u00e9dica, para a presta\u00e7\u00e3o de servi\u00e7os, em benef\u00edcio dos munic\u00edpios consorciados, conforme tabela do CISAMURES, prevista no Anexo IV deste edital.  <\/td><td class=\"column-4\"><a href=\"https:\/\/cisamures.sc.gov.br\/wp-content\/uploads\/2025\/09\/EDITAL-DE-CREDENCIAMENTO-032025-AREA-MEDICA-com-destaque-alteracao-01.pdf\">Edital de Credenciamento 03\/2025 - EXCLUSIVO \u00c1REA M\u00c9DICA<\/a><br \/>\n<br \/>\n<a href=\"https:\/\/cisamures.sc.gov.br\/wp-content\/uploads\/2025\/09\/1756726345_emissao_664932fd829e1b92f8eb7ba2_mensageminterna53422025_assinado_versaoimpressao_extrato.pdf\">01\u00ba Altera\u00e7\u00e3o do Edital de Credenciamento 03\/2025 - EXCLUSIVO \u00c1REA M\u00c9DICA<\/a><br \/>\n<br \/>\n<\/td>\n<\/tr>\n<tr class=\"row-5\">\n\t<td class=\"column-1\">1460<\/td><td class=\"column-2\">2025<\/td><td class=\"column-3\">O presente tem por objeto o credenciamento de pessoas jur\u00eddicas em \u00f3rteses, pr\u00f3teses e laudos, para a presta\u00e7\u00e3o de servi\u00e7os, em benef\u00edcio dos munic\u00edpios consorciados, conforme tabela do CISAMURES, prevista no Anexo IV deste edital.<\/td><td class=\"column-4\"><a href=\"https:\/\/cisamures.sc.gov.br\/wp-content\/uploads\/2025\/05\/1746617903_edital_de_credenciamento_022025_orteses_extrato.pdf\">Edital de Credenciamento 02\/2025 - EXCLUSIVO ORTESES, PROTESES, LAUDOS<\/a><br \/>\n<br \/>\n<\/td>\n<\/tr>\n<tr class=\"row-6\">\n\t<td class=\"column-1\">378<\/td><td class=\"column-2\">2025<\/td><td class=\"column-3\">O presente tem por objeto o credenciamento de pessoas jur\u00eddicas em terapias, para a presta\u00e7\u00e3o de servi\u00e7os, em benef\u00edcio dos munic\u00edpios consorciados, conforme tabela do CISAMURES, prevista no Anexo IV deste edital.  <\/td><td class=\"column-4\"><a href=\"https:\/\/cisamures.sc.gov.br\/wp-content\/uploads\/2025\/02\/EDITAL-DE-CREDENCIAMENTO-012025-TERAPIAS.pdf\">Edital de Credenciamento 01\/2025 - EXCLUSIVO TERAPIAS<\/a><br \/>\n<br \/>\n<\/td>\n<\/tr>\n<\/tbody>\n<\/table>\n<!-- #tablepress-38 from cache --><\/div>\n\t\t\t\t\t\t<\/div>\n\t\t\t\t<\/div>\n\t\t\t\t\t<\/div>\n\t\t<\/div>\n\t\t\t\t\t<\/div>\n\t\t<\/section>\n\t\t\t\t<\/div>\n\t\t","protected":false},"excerpt":{"rendered":"","protected":false},"author":4,"featured_media":0,"parent":0,"menu_order":0,"comment_status":"closed","ping_status":"closed","template":"","meta":{"footnotes":""},"class_list":["post-2617","page","type-page","status-publish","hentry"],"yoast_head":"<!-- This site is optimized with the Yoast SEO plugin v27.1.1 - https:\/\/yoast.com\/product\/yoast-seo-wordpress\/ -->\n<title>Credenciamento - CIS AMURES<\/title>\n<meta name=\"description\" content=\"Acesse a \u00e1rea de Credenciamento\" \/>\n<meta name=\"robots\" content=\"index, follow, max-snippet:-1, max-image-preview:large, max-video-preview:-1\" \/>\n<link rel=\"canonical\" href=\"https:\/\/cisamures.sc.gov.br\/index.php\/credenciamentos\/\" \/>\n<meta property=\"og:locale\" content=\"pt_BR\" \/>\n<meta property=\"og:type\" content=\"article\" \/>\n<meta property=\"og:title\" content=\"Credenciamento - CIS AMURES\" \/>\n<meta property=\"og:description\" content=\"Acesse a \u00e1rea de Credenciamento\" \/>\n<meta property=\"og:url\" content=\"https:\/\/cisamures.sc.gov.br\/index.php\/credenciamentos\/\" \/>\n<meta property=\"og:site_name\" content=\"CIS AMURES\" \/>\n<meta property=\"article:modified_time\" content=\"2025-08-06T12:49:25+00:00\" \/>\n<meta property=\"og:image\" content=\"https:\/\/cisamures.sc.gov.br\/wp-content\/uploads\/2025\/08\/PROCESSO-SELETIVO-2.png\" \/>\n\t<meta property=\"og:image:width\" content=\"1200\" \/>\n\t<meta property=\"og:image:height\" content=\"200\" \/>\n\t<meta property=\"og:image:type\" content=\"image\/png\" \/>\n<meta name=\"twitter:card\" content=\"summary_large_image\" \/>\n<meta name=\"twitter:label1\" content=\"Est. tempo de leitura\" \/>\n\t<meta name=\"twitter:data1\" content=\"1 minuto\" \/>\n<script type=\"application\/ld+json\" class=\"yoast-schema-graph\">{\"@context\":\"https:\/\/schema.org\",\"@graph\":[{\"@type\":\"WebPage\",\"@id\":\"https:\/\/cisamures.sc.gov.br\/index.php\/credenciamentos\/\",\"url\":\"https:\/\/cisamures.sc.gov.br\/index.php\/credenciamentos\/\",\"name\":\"Credenciamento - CIS AMURES\",\"isPartOf\":{\"@id\":\"https:\/\/cisamures.sc.gov.br\/#website\"},\"primaryImageOfPage\":{\"@id\":\"https:\/\/cisamures.sc.gov.br\/index.php\/credenciamentos\/#primaryimage\"},\"image\":{\"@id\":\"https:\/\/cisamures.sc.gov.br\/index.php\/credenciamentos\/#primaryimage\"},\"thumbnailUrl\":\"https:\/\/cisamures.sc.gov.br\/wp-content\/uploads\/2025\/08\/PROCESSO-SELETIVO-2-1024x171.png\",\"datePublished\":\"2025-05-22T02:54:44+00:00\",\"dateModified\":\"2025-08-06T12:49:25+00:00\",\"description\":\"Acesse a \u00e1rea de Credenciamento\",\"breadcrumb\":{\"@id\":\"https:\/\/cisamures.sc.gov.br\/index.php\/credenciamentos\/#breadcrumb\"},\"inLanguage\":\"pt-BR\",\"potentialAction\":[{\"@type\":\"ReadAction\",\"target\":[\"https:\/\/cisamures.sc.gov.br\/index.php\/credenciamentos\/\"]}]},{\"@type\":\"ImageObject\",\"inLanguage\":\"pt-BR\",\"@id\":\"https:\/\/cisamures.sc.gov.br\/index.php\/credenciamentos\/#primaryimage\",\"url\":\"https:\/\/cisamures.sc.gov.br\/wp-content\/uploads\/2025\/08\/PROCESSO-SELETIVO-2.png\",\"contentUrl\":\"https:\/\/cisamures.sc.gov.br\/wp-content\/uploads\/2025\/08\/PROCESSO-SELETIVO-2.png\",\"width\":1200,\"height\":200},{\"@type\":\"BreadcrumbList\",\"@id\":\"https:\/\/cisamures.sc.gov.br\/index.php\/credenciamentos\/#breadcrumb\",\"itemListElement\":[{\"@type\":\"ListItem\",\"position\":1,\"name\":\"In\u00edcio\",\"item\":\"https:\/\/cisamures.sc.gov.br\/\"},{\"@type\":\"ListItem\",\"position\":2,\"name\":\"Credenciamento\"}]},{\"@type\":\"WebSite\",\"@id\":\"https:\/\/cisamures.sc.gov.br\/#website\",\"url\":\"https:\/\/cisamures.sc.gov.br\/\",\"name\":\"CIS AMURES\",\"description\":\"Cons\u00f3rcio Interfederativo de Sa\u00fade\",\"publisher\":{\"@id\":\"https:\/\/cisamures.sc.gov.br\/#organization\"},\"potentialAction\":[{\"@type\":\"SearchAction\",\"target\":{\"@type\":\"EntryPoint\",\"urlTemplate\":\"https:\/\/cisamures.sc.gov.br\/?s={search_term_string}\"},\"query-input\":{\"@type\":\"PropertyValueSpecification\",\"valueRequired\":true,\"valueName\":\"search_term_string\"}}],\"inLanguage\":\"pt-BR\"},{\"@type\":\"Organization\",\"@id\":\"https:\/\/cisamures.sc.gov.br\/#organization\",\"name\":\"CIS AMURES\",\"url\":\"https:\/\/cisamures.sc.gov.br\/\",\"logo\":{\"@type\":\"ImageObject\",\"inLanguage\":\"pt-BR\",\"@id\":\"https:\/\/cisamures.sc.gov.br\/#\/schema\/logo\/image\/\",\"url\":\"https:\/\/cisamures.sc.gov.br\/wp-content\/uploads\/2025\/05\/cisamures.png\",\"contentUrl\":\"https:\/\/cisamures.sc.gov.br\/wp-content\/uploads\/2025\/05\/cisamures.png\",\"width\":380,\"height\":82,\"caption\":\"CIS AMURES\"},\"image\":{\"@id\":\"https:\/\/cisamures.sc.gov.br\/#\/schema\/logo\/image\/\"}}]}<\/script>\n<!-- \/ Yoast SEO plugin. -->","yoast_head_json":{"title":"Credenciamento - CIS AMURES","description":"Acesse a \u00e1rea de Credenciamento","robots":{"index":"index","follow":"follow","max-snippet":"max-snippet:-1","max-image-preview":"max-image-preview:large","max-video-preview":"max-video-preview:-1"},"canonical":"https:\/\/cisamures.sc.gov.br\/index.php\/credenciamentos\/","og_locale":"pt_BR","og_type":"article","og_title":"Credenciamento - CIS AMURES","og_description":"Acesse a \u00e1rea de Credenciamento","og_url":"https:\/\/cisamures.sc.gov.br\/index.php\/credenciamentos\/","og_site_name":"CIS AMURES","article_modified_time":"2025-08-06T12:49:25+00:00","og_image":[{"width":1200,"height":200,"url":"https:\/\/cisamures.sc.gov.br\/wp-content\/uploads\/2025\/08\/PROCESSO-SELETIVO-2.png","type":"image\/png"}],"twitter_card":"summary_large_image","twitter_misc":{"Est. tempo de leitura":"1 minuto"},"schema":{"@context":"https:\/\/schema.org","@graph":[{"@type":"WebPage","@id":"https:\/\/cisamures.sc.gov.br\/index.php\/credenciamentos\/","url":"https:\/\/cisamures.sc.gov.br\/index.php\/credenciamentos\/","name":"Credenciamento - CIS AMURES","isPartOf":{"@id":"https:\/\/cisamures.sc.gov.br\/#website"},"primaryImageOfPage":{"@id":"https:\/\/cisamures.sc.gov.br\/index.php\/credenciamentos\/#primaryimage"},"image":{"@id":"https:\/\/cisamures.sc.gov.br\/index.php\/credenciamentos\/#primaryimage"},"thumbnailUrl":"https:\/\/cisamures.sc.gov.br\/wp-content\/uploads\/2025\/08\/PROCESSO-SELETIVO-2-1024x171.png","datePublished":"2025-05-22T02:54:44+00:00","dateModified":"2025-08-06T12:49:25+00:00","description":"Acesse a \u00e1rea de Credenciamento","breadcrumb":{"@id":"https:\/\/cisamures.sc.gov.br\/index.php\/credenciamentos\/#breadcrumb"},"inLanguage":"pt-BR","potentialAction":[{"@type":"ReadAction","target":["https:\/\/cisamures.sc.gov.br\/index.php\/credenciamentos\/"]}]},{"@type":"ImageObject","inLanguage":"pt-BR","@id":"https:\/\/cisamures.sc.gov.br\/index.php\/credenciamentos\/#primaryimage","url":"https:\/\/cisamures.sc.gov.br\/wp-content\/uploads\/2025\/08\/PROCESSO-SELETIVO-2.png","contentUrl":"https:\/\/cisamures.sc.gov.br\/wp-content\/uploads\/2025\/08\/PROCESSO-SELETIVO-2.png","width":1200,"height":200},{"@type":"BreadcrumbList","@id":"https:\/\/cisamures.sc.gov.br\/index.php\/credenciamentos\/#breadcrumb","itemListElement":[{"@type":"ListItem","position":1,"name":"In\u00edcio","item":"https:\/\/cisamures.sc.gov.br\/"},{"@type":"ListItem","position":2,"name":"Credenciamento"}]},{"@type":"WebSite","@id":"https:\/\/cisamures.sc.gov.br\/#website","url":"https:\/\/cisamures.sc.gov.br\/","name":"CIS AMURES","description":"Cons\u00f3rcio Interfederativo de Sa\u00fade","publisher":{"@id":"https:\/\/cisamures.sc.gov.br\/#organization"},"potentialAction":[{"@type":"SearchAction","target":{"@type":"EntryPoint","urlTemplate":"https:\/\/cisamures.sc.gov.br\/?s={search_term_string}"},"query-input":{"@type":"PropertyValueSpecification","valueRequired":true,"valueName":"search_term_string"}}],"inLanguage":"pt-BR"},{"@type":"Organization","@id":"https:\/\/cisamures.sc.gov.br\/#organization","name":"CIS AMURES","url":"https:\/\/cisamures.sc.gov.br\/","logo":{"@type":"ImageObject","inLanguage":"pt-BR","@id":"https:\/\/cisamures.sc.gov.br\/#\/schema\/logo\/image\/","url":"https:\/\/cisamures.sc.gov.br\/wp-content\/uploads\/2025\/05\/cisamures.png","contentUrl":"https:\/\/cisamures.sc.gov.br\/wp-content\/uploads\/2025\/05\/cisamures.png","width":380,"height":82,"caption":"CIS AMURES"},"image":{"@id":"https:\/\/cisamures.sc.gov.br\/#\/schema\/logo\/image\/"}}]}},"_links":{"self":[{"href":"https:\/\/cisamures.sc.gov.br\/index.php\/wp-json\/wp\/v2\/pages\/2617","targetHints":{"allow":["GET"]}}],"collection":[{"href":"https:\/\/cisamures.sc.gov.br\/index.php\/wp-json\/wp\/v2\/pages"}],"about":[{"href":"https:\/\/cisamures.sc.gov.br\/index.php\/wp-json\/wp\/v2\/types\/page"}],"author":[{"embeddable":true,"href":"https:\/\/cisamures.sc.gov.br\/index.php\/wp-json\/wp\/v2\/users\/4"}],"replies":[{"embeddable":true,"href":"https:\/\/cisamures.sc.gov.br\/index.php\/wp-json\/wp\/v2\/comments?post=2617"}],"version-history":[{"count":11,"href":"https:\/\/cisamures.sc.gov.br\/index.php\/wp-json\/wp\/v2\/pages\/2617\/revisions"}],"predecessor-version":[{"id":2723,"href":"https:\/\/cisamures.sc.gov.br\/index.php\/wp-json\/wp\/v2\/pages\/2617\/revisions\/2723"}],"wp:attachment":[{"href":"https:\/\/cisamures.sc.gov.br\/index.php\/wp-json\/wp\/v2\/media?parent=2617"}],"curies":[{"name":"wp","href":"https:\/\/api.w.org\/{rel}","templated":true}]}}